{"id":1140,"date":"2013-10-24T20:51:59","date_gmt":"2013-10-24T20:51:59","guid":{"rendered":"http:\/\/www.consigel.com\/product\/jose-pariente-dulce\/"},"modified":"2013-10-24T20:51:59","modified_gmt":"2013-10-24T20:51:59","slug":"jose-pariente-dulce","status":"publish","type":"product","link":"https:\/\/www.consigel.com\/ca\/producte\/jose-pariente-dulce\/","title":{"rendered":"Apasionado Jos\u00e9 Pariente Dulce"},"content":{"rendered":"<p style=\"margin: 0px; padding: 0px 0px 8px; border: 0px currentColor; border-image: none; text-align: center; color: #000000; text-transform: none; line-height: inherit; text-indent: 0px; letter-spacing: normal; font-family: adobe-caslon-pro, Palatino, Garamond, serif; font-size: 15px; font-style: normal; font-weight: 400; word-spacing: 0px; vertical-align: baseline; white-space: normal; orphans: 2; widows: 2; font-stretch: inherit; background-color: #ffffff; font-variant-ligatures: normal; font-variant-caps: normal; -webkit-text-stroke-width: 0px; text-decoration-style: initial; text-decoration-color: initial; font-variant-numeric: inherit; font-variant-east-asian: inherit;\">Las uvas para elaborar este vino proceden de un \u00fanico vi\u00f1edo, de los primeros vi\u00f1edos de Sauvignon Blanc que se<br \/>plantaron en Rueda hace m\u00e1s de 30 a\u00f1os. Su suelo, formado por la caracter\u00edstica plataforma de cantos rodados, presenta<br \/>afloraciones calizas en las cotas m\u00e1s altas. Se realiza una poda en Sprawl as\u00ed como diversas podas para obtener escasos<br \/>rendimientos y una elevada concentraci\u00f3n manteniendo la frescura. El esfuerzo en el vi\u00f1edo se ha centrado en obtener una<br \/>uva sobremadurada y posteriormente una selecci\u00f3n de \u00e9sta. Las uvas procedentes de este vi\u00f1edo sorprenden por la elevada<br \/>acidez que mantienen a pesar de la sobremaduraci\u00f3n en campo.<\/p>\n<p style=\"margin: 0px; padding: 0px 0px 8px; border: 0px currentColor; border-image: none; text-align: center; color: #000000; text-transform: none; line-height: inherit; text-indent: 0px; letter-spacing: normal; font-family: adobe-caslon-pro, Palatino, Garamond, serif; font-size: 15px; font-style: normal; font-weight: 400; word-spacing: 0px; vertical-align: baseline; white-space: normal; orphans: 2; widows: 2; font-stretch: inherit; background-color: #ffffff; font-variant-ligatures: normal; font-variant-caps: normal; -webkit-text-stroke-width: 0px; text-decoration-style: initial; text-decoration-color: initial; font-variant-numeric: inherit; font-variant-east-asian: inherit;\">ELABORACI\u00d3N<\/p>\n<p style=\"margin: 0px; padding: 0px 0px 8px; border: 0px currentColor; border-image: none; text-align: center; color: #000000; text-transform: none; line-height: inherit; text-indent: 0px; letter-spacing: normal; font-family: adobe-caslon-pro, Palatino, Garamond, serif; font-size: 15px; font-style: normal; font-weight: 400; word-spacing: 0px; vertical-align: baseline; white-space: normal; orphans: 2; widows: 2; font-stretch: inherit; background-color: #ffffff; font-variant-ligatures: normal; font-variant-caps: normal; -webkit-text-stroke-width: 0px; text-decoration-style: initial; text-decoration-color: initial; font-variant-numeric: inherit; font-variant-east-asian: inherit;\">En bodega, la maceraci\u00f3n a temperatura extremadamente baja nos ha permitido mantener los aromas primarios. . A<br \/>continuaci\u00f3n se realiz\u00f3 un prensado neum\u00e1tico muy ligero. Posteriormente, durante cinco meses, se lleva a cabo un<br \/>constante trabajo de l\u00edas con la finalidad de obtener una boca muy estructurada. Una vez clarificado, se someti\u00f3 a<br \/>tratamiento de fr\u00edo y filtraci\u00f3n.<\/p>\n<p style=\"margin: 0px; padding: 0px 0px 8px; border: 0px currentColor; border-image: none; text-align: center; color: #000000; text-transform: none; line-height: inherit; text-indent: 0px; letter-spacing: normal; font-family: adobe-caslon-pro, Palatino, Garamond, serif; font-size: 15px; font-style: normal; font-weight: 400; word-spacing: 0px; vertical-align: baseline; white-space: normal; orphans: 2; widows: 2; font-stretch: inherit; background-color: #ffffff; font-variant-ligatures: normal; font-variant-caps: normal; -webkit-text-stroke-width: 0px; text-decoration-style: initial; text-decoration-color: initial; font-variant-numeric: inherit; font-variant-east-asian: inherit;\">CATA<\/p>\n<p style=\"margin: 0px; padding: 0px 0px 8px; border: 0px currentColor; border-image: none; text-align: center; color: #000000; text-transform: none; line-height: inherit; text-indent: 0px; letter-spacing: normal; font-family: adobe-caslon-pro, Palatino, Garamond, serif; font-size: 15px; font-style: normal; font-weight: 400; word-spacing: 0px; vertical-align: baseline; white-space: normal; orphans: 2; widows: 2; font-stretch: inherit; background-color: #ffffff; font-variant-ligatures: normal; font-variant-caps: normal; -webkit-text-stroke-width: 0px; text-decoration-style: initial; text-decoration-color: initial; font-variant-numeric: inherit; font-variant-east-asian: inherit;\">De color amarillo p\u00e1lido con reflejos verdosos, su expresi\u00f3n arom\u00e1tica es inusual en vinos dulces, dada la excepcional suma<br \/>de notas vegetales y de frutas ex\u00f3ticas, de recuerdos de hierba reci\u00e9n cortada y de un ligero toque mineral. En boca aparece<br \/>una sensaci\u00f3n aterciopelada y muy fina. Conserva la tipicidad de la Sauvignon Blanc, esa elegancia fresca y limpia. Es un<br \/>vino de intensidad alta, estructurado y persistente, redondo. Posee una perfecta armon\u00eda conseguida entre contenido en<br \/>\u00e1cidos, alcohol y az\u00facares.<\/p>\n<p style=\"margin: 0px; padding: 0px 0px 8px; border: 0px currentColor; border-image: none; text-align: center; color: #000000; text-transform: none; line-height: inherit; text-indent: 0px; letter-spacing: normal; font-family: adobe-caslon-pro, Palatino, Garamond, serif; font-size: 15px; font-style: normal; font-weight: 400; word-spacing: 0px; vertical-align: baseline; white-space: normal; orphans: 2; widows: 2; font-stretch: inherit; background-color: #ffffff; font-variant-ligatures: normal; font-variant-caps: normal; -webkit-text-stroke-width: 0px; text-decoration-style: initial; text-decoration-color: initial; font-variant-numeric: inherit; font-variant-east-asian: inherit;\">GASTRONOM\u00cdA<\/p>\n<p style=\"margin: 0px; padding: 0px 0px 8px; border: 0px currentColor; border-image: none; text-align: center; color: #000000; text-transform: none; line-height: inherit; text-indent: 0px; letter-spacing: normal; font-family: adobe-caslon-pro, Palatino, Garamond, serif; font-size: 15px; font-style: normal; font-weight: 400; word-spacing: 0px; vertical-align: baseline; white-space: normal; orphans: 2; widows: 2; font-stretch: inherit; background-color: #ffffff; font-variant-ligatures: normal; font-variant-caps: normal; -webkit-text-stroke-width: 0px; text-decoration-style: initial; text-decoration-color: initial; font-variant-numeric: inherit; font-variant-east-asian: inherit;\">El resultado es un vino dulce con una frescura que sorprende e impresiona, y que lo hace ideal para disfrutar con los postres<br \/>pero tambi\u00e9n acompa\u00f1ando el aperitivo y la comida.<\/p>\n","protected":false},"excerpt":{"rendered":"<p>100% Sauvignon blanc<\/p>\n","protected":false},"featured_media":1139,"comment_status":"open","ping_status":"closed","template":"","meta":[],"product_cat":[69,38,19],"product_tag":[],"class_list":{"0":"post-1140","1":"product","2":"type-product","3":"status-publish","4":"has-post-thumbnail","6":"product_cat-bodegas-jose-pariente","7":"product_cat-do-rueda","8":"product_cat-vinos-y-licores","10":"first","11":"outofstock","12":"shipping-taxable","13":"product-type-simple"},"yoast_head":"<!-- This site is optimized with the Yoast SEO plugin v23.3 - https:\/\/yoast.com\/wordpress\/plugins\/seo\/ -->\n<title>Apasionado Jos\u00e9 Pariente Dulce - Consigel<\/title>\n<meta name=\"robots\" content=\"index, follow, max-snippet:-1, max-image-preview:large, max-video-preview:-1\" \/>\n<link rel=\"canonical\" href=\"https:\/\/www.consigel.com\/ca\/producte\/jose-pariente-dulce\/\" \/>\n<meta property=\"og:locale\" content=\"ca_ES\" \/>\n<meta property=\"og:type\" content=\"article\" \/>\n<meta property=\"og:title\" content=\"Apasionado Jos\u00e9 Pariente Dulce - Consigel\" \/>\n<meta property=\"og:description\" content=\"100% Sauvignon blanc\" \/>\n<meta property=\"og:url\" content=\"https:\/\/www.consigel.com\/ca\/producte\/jose-pariente-dulce\/\" \/>\n<meta property=\"og:site_name\" content=\"Consigel\" \/>\n<meta property=\"og:image\" content=\"https:\/\/www.consigel.com\/wp-content\/uploads\/2013\/10\/1403-thickbox_default-Apasionado-Jose-Pariente-Dulce.jpg\" \/>\n\t<meta property=\"og:image:width\" content=\"1200\" \/>\n\t<meta property=\"og:image:height\" content=\"1200\" \/>\n\t<meta property=\"og:image:type\" content=\"image\/jpeg\" \/>\n<meta name=\"twitter:card\" content=\"summary_large_image\" \/>\n<meta name=\"twitter:label1\" content=\"Temps estimat de lectura\" \/>\n\t<meta name=\"twitter:data1\" content=\"1 minut\" \/>\n<script type=\"application\/ld+json\" class=\"yoast-schema-graph\">{\"@context\":\"https:\/\/schema.org\",\"@graph\":[{\"@type\":\"WebPage\",\"@id\":\"https:\/\/www.consigel.com\/ca\/producte\/jose-pariente-dulce\/\",\"url\":\"https:\/\/www.consigel.com\/ca\/producte\/jose-pariente-dulce\/\",\"name\":\"Apasionado Jos\u00e9 Pariente Dulce - Consigel\",\"isPartOf\":{\"@id\":\"https:\/\/www.consigel.com\/ca\/#website\"},\"primaryImageOfPage\":{\"@id\":\"https:\/\/www.consigel.com\/ca\/producte\/jose-pariente-dulce\/#primaryimage\"},\"image\":{\"@id\":\"https:\/\/www.consigel.com\/ca\/producte\/jose-pariente-dulce\/#primaryimage\"},\"thumbnailUrl\":\"https:\/\/www.consigel.com\/wp-content\/uploads\/2013\/10\/1403-thickbox_default-Apasionado-Jose-Pariente-Dulce.jpg\",\"datePublished\":\"2013-10-24T20:51:59+00:00\",\"dateModified\":\"2013-10-24T20:51:59+00:00\",\"breadcrumb\":{\"@id\":\"https:\/\/www.consigel.com\/ca\/producte\/jose-pariente-dulce\/#breadcrumb\"},\"inLanguage\":\"ca\",\"potentialAction\":[{\"@type\":\"ReadAction\",\"target\":[\"https:\/\/www.consigel.com\/ca\/producte\/jose-pariente-dulce\/\"]}]},{\"@type\":\"ImageObject\",\"inLanguage\":\"ca\",\"@id\":\"https:\/\/www.consigel.com\/ca\/producte\/jose-pariente-dulce\/#primaryimage\",\"url\":\"https:\/\/www.consigel.com\/wp-content\/uploads\/2013\/10\/1403-thickbox_default-Apasionado-Jose-Pariente-Dulce.jpg\",\"contentUrl\":\"https:\/\/www.consigel.com\/wp-content\/uploads\/2013\/10\/1403-thickbox_default-Apasionado-Jose-Pariente-Dulce.jpg\",\"width\":1200,\"height\":1200,\"caption\":\"Apasionado Jos\u00e9 Pariente Dulce\"},{\"@type\":\"BreadcrumbList\",\"@id\":\"https:\/\/www.consigel.com\/ca\/producte\/jose-pariente-dulce\/#breadcrumb\",\"itemListElement\":[{\"@type\":\"ListItem\",\"position\":1,\"name\":\"Portada\",\"item\":\"https:\/\/www.consigel.com\/ca\/\"},{\"@type\":\"ListItem\",\"position\":2,\"name\":\"Shop\",\"item\":\"https:\/\/www.consigel.com\/ca\/shop\/\"},{\"@type\":\"ListItem\",\"position\":3,\"name\":\"Apasionado Jos\u00e9 Pariente Dulce\"}]},{\"@type\":\"WebSite\",\"@id\":\"https:\/\/www.consigel.com\/ca\/#website\",\"url\":\"https:\/\/www.consigel.com\/ca\/\",\"name\":\"Consigel\",\"description\":\"\",\"potentialAction\":[{\"@type\":\"SearchAction\",\"target\":{\"@type\":\"EntryPoint\",\"urlTemplate\":\"https:\/\/www.consigel.com\/ca\/?s={search_term_string}\"},\"query-input\":\"required name=search_term_string\"}],\"inLanguage\":\"ca\"}]}<\/script>\n<!-- \/ Yoast SEO plugin. -->","yoast_head_json":{"title":"Apasionado Jos\u00e9 Pariente Dulce - Consigel","robots":{"index":"index","follow":"follow","max-snippet":"max-snippet:-1","max-image-preview":"max-image-preview:large","max-video-preview":"max-video-preview:-1"},"canonical":"https:\/\/www.consigel.com\/ca\/producte\/jose-pariente-dulce\/","og_locale":"ca_ES","og_type":"article","og_title":"Apasionado Jos\u00e9 Pariente Dulce - Consigel","og_description":"100% Sauvignon blanc","og_url":"https:\/\/www.consigel.com\/ca\/producte\/jose-pariente-dulce\/","og_site_name":"Consigel","og_image":[{"width":1200,"height":1200,"url":"https:\/\/www.consigel.com\/wp-content\/uploads\/2013\/10\/1403-thickbox_default-Apasionado-Jose-Pariente-Dulce.jpg","type":"image\/jpeg"}],"twitter_card":"summary_large_image","twitter_misc":{"Temps estimat de lectura":"1 minut"},"schema":{"@context":"https:\/\/schema.org","@graph":[{"@type":"WebPage","@id":"https:\/\/www.consigel.com\/ca\/producte\/jose-pariente-dulce\/","url":"https:\/\/www.consigel.com\/ca\/producte\/jose-pariente-dulce\/","name":"Apasionado Jos\u00e9 Pariente Dulce - Consigel","isPartOf":{"@id":"https:\/\/www.consigel.com\/ca\/#website"},"primaryImageOfPage":{"@id":"https:\/\/www.consigel.com\/ca\/producte\/jose-pariente-dulce\/#primaryimage"},"image":{"@id":"https:\/\/www.consigel.com\/ca\/producte\/jose-pariente-dulce\/#primaryimage"},"thumbnailUrl":"https:\/\/www.consigel.com\/wp-content\/uploads\/2013\/10\/1403-thickbox_default-Apasionado-Jose-Pariente-Dulce.jpg","datePublished":"2013-10-24T20:51:59+00:00","dateModified":"2013-10-24T20:51:59+00:00","breadcrumb":{"@id":"https:\/\/www.consigel.com\/ca\/producte\/jose-pariente-dulce\/#breadcrumb"},"inLanguage":"ca","potentialAction":[{"@type":"ReadAction","target":["https:\/\/www.consigel.com\/ca\/producte\/jose-pariente-dulce\/"]}]},{"@type":"ImageObject","inLanguage":"ca","@id":"https:\/\/www.consigel.com\/ca\/producte\/jose-pariente-dulce\/#primaryimage","url":"https:\/\/www.consigel.com\/wp-content\/uploads\/2013\/10\/1403-thickbox_default-Apasionado-Jose-Pariente-Dulce.jpg","contentUrl":"https:\/\/www.consigel.com\/wp-content\/uploads\/2013\/10\/1403-thickbox_default-Apasionado-Jose-Pariente-Dulce.jpg","width":1200,"height":1200,"caption":"Apasionado Jos\u00e9 Pariente Dulce"},{"@type":"BreadcrumbList","@id":"https:\/\/www.consigel.com\/ca\/producte\/jose-pariente-dulce\/#breadcrumb","itemListElement":[{"@type":"ListItem","position":1,"name":"Portada","item":"https:\/\/www.consigel.com\/ca\/"},{"@type":"ListItem","position":2,"name":"Shop","item":"https:\/\/www.consigel.com\/ca\/shop\/"},{"@type":"ListItem","position":3,"name":"Apasionado Jos\u00e9 Pariente Dulce"}]},{"@type":"WebSite","@id":"https:\/\/www.consigel.com\/ca\/#website","url":"https:\/\/www.consigel.com\/ca\/","name":"Consigel","description":"","potentialAction":[{"@type":"SearchAction","target":{"@type":"EntryPoint","urlTemplate":"https:\/\/www.consigel.com\/ca\/?s={search_term_string}"},"query-input":"required name=search_term_string"}],"inLanguage":"ca"}]}},"_links":{"self":[{"href":"https:\/\/www.consigel.com\/ca\/wp-json\/wp\/v2\/product\/1140","targetHints":{"allow":["GET"]}}],"collection":[{"href":"https:\/\/www.consigel.com\/ca\/wp-json\/wp\/v2\/product"}],"about":[{"href":"https:\/\/www.consigel.com\/ca\/wp-json\/wp\/v2\/types\/product"}],"replies":[{"embeddable":true,"href":"https:\/\/www.consigel.com\/ca\/wp-json\/wp\/v2\/comments?post=1140"}],"wp:featuredmedia":[{"embeddable":true,"href":"https:\/\/www.consigel.com\/ca\/wp-json\/wp\/v2\/media\/1139"}],"wp:attachment":[{"href":"https:\/\/www.consigel.com\/ca\/wp-json\/wp\/v2\/media?parent=1140"}],"wp:term":[{"taxonomy":"product_cat","embeddable":true,"href":"https:\/\/www.consigel.com\/ca\/wp-json\/wp\/v2\/product_cat?post=1140"},{"taxonomy":"product_tag","embeddable":true,"href":"https:\/\/www.consigel.com\/ca\/wp-json\/wp\/v2\/product_tag?post=1140"}],"curies":[{"name":"wp","href":"https:\/\/api.w.org\/{rel}","templated":true}]}}