{"id":1138,"date":"2013-10-24T20:34:12","date_gmt":"2013-10-24T20:34:12","guid":{"rendered":"http:\/\/www.consigel.com\/product\/jose-pariente-fermentado-en-barrica\/"},"modified":"2013-10-24T20:34:12","modified_gmt":"2013-10-24T20:34:12","slug":"jose-pariente-fermentado-en-barrica","status":"publish","type":"product","link":"https:\/\/www.consigel.com\/ca\/producte\/jose-pariente-fermentado-en-barrica\/","title":{"rendered":"Jos\u00e9 Pariente Fermentado en Barrica"},"content":{"rendered":"<p style=\"margin: 0px; padding: 0px 0px 8px; border: 0px currentColor; border-image: none; text-align: center; color: #000000; text-transform: none; line-height: inherit; text-indent: 0px; letter-spacing: normal; font-family: adobe-caslon-pro, Palatino, Garamond, serif; font-size: 15px; font-style: normal; font-weight: 400; word-spacing: 0px; vertical-align: baseline; white-space: normal; orphans: 2; widows: 2; font-stretch: inherit; background-color: #ffffff; font-variant-ligatures: normal; font-variant-caps: normal; -webkit-text-stroke-width: 0px; text-decoration-style: initial; text-decoration-color: initial; font-variant-numeric: inherit; font-variant-east-asian: inherit;\">La fermentaci\u00f3n se desarroll\u00f3 en barricas de roble franc\u00e9s, nuevas y de un a\u00f1o de antig\u00fcedad,<br \/>procedentes de varias toneler\u00edas. Posteriormente se realiz\u00f3 un trabajo de batonnage durante seis<br \/>meses aproximadamente, con el vino en permanente contacto con sus l\u00edas. Pasado ese tiempo,<br \/>se traseg\u00f3 a dep\u00f3sitos de acero inoxidable, en los que permaneci\u00f3 cinco meses m\u00e1s. Finalmente,<br \/>se embotell\u00f3 tras los procesos de clarificaci\u00f3n y estabilizaci\u00f3n.<\/p>\n<p style=\"margin: 0px; padding: 0px 0px 8px; border: 0px currentColor; border-image: none; text-align: center; color: #000000; text-transform: none; line-height: inherit; text-indent: 0px; letter-spacing: normal; font-family: adobe-caslon-pro, Palatino, Garamond, serif; font-size: 15px; font-style: normal; font-weight: 400; word-spacing: 0px; vertical-align: baseline; white-space: normal; orphans: 2; widows: 2; font-stretch: inherit; background-color: #ffffff; font-variant-ligatures: normal; font-variant-caps: normal; -webkit-text-stroke-width: 0px; text-decoration-style: initial; text-decoration-color: initial; font-variant-numeric: inherit; font-variant-east-asian: inherit;\">\u00a0<\/p>\n<p style=\"margin: 0px; padding: 0px 0px 8px; border: 0px currentColor; border-image: none; text-align: center; color: #000000; text-transform: none; line-height: inherit; text-indent: 0px; letter-spacing: normal; font-family: adobe-caslon-pro, Palatino, Garamond, serif; font-size: 15px; font-style: normal; font-weight: 400; word-spacing: 0px; vertical-align: baseline; white-space: normal; orphans: 2; widows: 2; font-stretch: inherit; background-color: #ffffff; font-variant-ligatures: normal; font-variant-caps: normal; -webkit-text-stroke-width: 0px; text-decoration-style: initial; text-decoration-color: initial; font-variant-numeric: inherit; font-variant-east-asian: inherit;\">CATA<\/p>\n<p style=\"margin: 0px; padding: 0px 0px 8px; border: 0px currentColor; border-image: none; text-align: center; color: #000000; text-transform: none; line-height: inherit; text-indent: 0px; letter-spacing: normal; font-family: adobe-caslon-pro, Palatino, Garamond, serif; font-size: 15px; font-style: normal; font-weight: 400; word-spacing: 0px; vertical-align: baseline; white-space: normal; orphans: 2; widows: 2; font-stretch: inherit; background-color: #ffffff; font-variant-ligatures: normal; font-variant-caps: normal; -webkit-text-stroke-width: 0px; text-decoration-style: initial; text-decoration-color: initial; font-variant-numeric: inherit; font-variant-east-asian: inherit;\">Brillante y de un amarillo dorado a la vista, posee una nariz intensa, compleja, con aromas<br \/>especiados, fruta madura, ahumados y un ligero toque de madera. Se aprecian tambi\u00e9n algunas<br \/>notas de frutas ex\u00f3ticas y minerales.<br \/>En boca es voluminoso, untuoso y muy elegante. Potente, con una muy buena acidez que le<br \/>asegura un paso largo y vivo. Presenta un gran equilibrio entre fruta y madera. Todo lo que se<br \/>percibe en nariz reaparece en la boca.<\/p>\n<p style=\"margin: 0px; padding: 0px 0px 8px; border: 0px currentColor; border-image: none; text-align: center; color: #000000; text-transform: none; line-height: inherit; text-indent: 0px; letter-spacing: normal; font-family: adobe-caslon-pro, Palatino, Garamond, serif; font-size: 15px; font-style: normal; font-weight: 400; word-spacing: 0px; vertical-align: baseline; white-space: normal; orphans: 2; widows: 2; font-stretch: inherit; background-color: #ffffff; font-variant-ligatures: normal; font-variant-caps: normal; -webkit-text-stroke-width: 0px; text-decoration-style: initial; text-decoration-color: initial; font-variant-numeric: inherit; font-variant-east-asian: inherit;\">GASTRONOM\u00cdA<\/p>\n<p style=\"margin: 0px; padding: 0px 0px 8px; border: 0px currentColor; border-image: none; text-align: center; color: #000000; text-transform: none; line-height: inherit; text-indent: 0px; letter-spacing: normal; font-family: adobe-caslon-pro, Palatino, Garamond, serif; font-size: 15px; font-style: normal; font-weight: 400; word-spacing: 0px; vertical-align: baseline; white-space: normal; orphans: 2; widows: 2; font-stretch: inherit; background-color: #ffffff; font-variant-ligatures: normal; font-variant-caps: normal; -webkit-text-stroke-width: 0px; text-decoration-style: initial; text-decoration-color: initial; font-variant-numeric: inherit; font-variant-east-asian: inherit;\">Aperitivos, pescados con salsas, mariscos de sabor intenso (centollo, percebes, etc.) y carnes<br \/>suave hallan en este vino un acompa\u00f1ante perfecto. Presenta un maridaje especial con el jam\u00f3n<br \/>ib\u00e9rico y el foie.<\/p>\n","protected":false},"excerpt":{"rendered":"<p>100% Verdejo<\/p>\n","protected":false},"featured_media":1137,"comment_status":"open","ping_status":"closed","template":"","meta":[],"product_cat":[69,38,19],"product_tag":[],"class_list":{"0":"post-1138","1":"product","2":"type-product","3":"status-publish","4":"has-post-thumbnail","6":"product_cat-bodegas-jose-pariente","7":"product_cat-do-rueda","8":"product_cat-vinos-y-licores","10":"first","11":"outofstock","12":"shipping-taxable","13":"product-type-simple"},"yoast_head":"<!-- This site is optimized with the Yoast SEO plugin v23.3 - https:\/\/yoast.com\/wordpress\/plugins\/seo\/ -->\n<title>Jos\u00e9 Pariente Fermentado en Barrica - Consigel<\/title>\n<meta name=\"robots\" content=\"index, follow, max-snippet:-1, max-image-preview:large, max-video-preview:-1\" \/>\n<link rel=\"canonical\" href=\"https:\/\/www.consigel.com\/ca\/producte\/jose-pariente-fermentado-en-barrica\/\" \/>\n<meta property=\"og:locale\" content=\"ca_ES\" \/>\n<meta property=\"og:type\" content=\"article\" \/>\n<meta property=\"og:title\" content=\"Jos\u00e9 Pariente Fermentado en Barrica - Consigel\" \/>\n<meta property=\"og:description\" content=\"100% Verdejo\" \/>\n<meta property=\"og:url\" content=\"https:\/\/www.consigel.com\/ca\/producte\/jose-pariente-fermentado-en-barrica\/\" \/>\n<meta property=\"og:site_name\" content=\"Consigel\" \/>\n<meta property=\"og:image\" content=\"https:\/\/www.consigel.com\/wp-content\/uploads\/2013\/10\/1393-thickbox_default-Jose-Pariente-Fermentado-en-Barrica.jpg\" \/>\n\t<meta property=\"og:image:width\" content=\"1200\" \/>\n\t<meta property=\"og:image:height\" content=\"1200\" \/>\n\t<meta property=\"og:image:type\" content=\"image\/jpeg\" \/>\n<meta name=\"twitter:card\" content=\"summary_large_image\" \/>\n<meta name=\"twitter:label1\" content=\"Temps estimat de lectura\" \/>\n\t<meta name=\"twitter:data1\" content=\"1 minut\" \/>\n<script type=\"application\/ld+json\" class=\"yoast-schema-graph\">{\"@context\":\"https:\/\/schema.org\",\"@graph\":[{\"@type\":\"WebPage\",\"@id\":\"https:\/\/www.consigel.com\/ca\/producte\/jose-pariente-fermentado-en-barrica\/\",\"url\":\"https:\/\/www.consigel.com\/ca\/producte\/jose-pariente-fermentado-en-barrica\/\",\"name\":\"Jos\u00e9 Pariente Fermentado en Barrica - Consigel\",\"isPartOf\":{\"@id\":\"https:\/\/www.consigel.com\/ca\/#website\"},\"primaryImageOfPage\":{\"@id\":\"https:\/\/www.consigel.com\/ca\/producte\/jose-pariente-fermentado-en-barrica\/#primaryimage\"},\"image\":{\"@id\":\"https:\/\/www.consigel.com\/ca\/producte\/jose-pariente-fermentado-en-barrica\/#primaryimage\"},\"thumbnailUrl\":\"https:\/\/www.consigel.com\/wp-content\/uploads\/2013\/10\/1393-thickbox_default-Jose-Pariente-Fermentado-en-Barrica.jpg\",\"datePublished\":\"2013-10-24T20:34:12+00:00\",\"dateModified\":\"2013-10-24T20:34:12+00:00\",\"breadcrumb\":{\"@id\":\"https:\/\/www.consigel.com\/ca\/producte\/jose-pariente-fermentado-en-barrica\/#breadcrumb\"},\"inLanguage\":\"ca\",\"potentialAction\":[{\"@type\":\"ReadAction\",\"target\":[\"https:\/\/www.consigel.com\/ca\/producte\/jose-pariente-fermentado-en-barrica\/\"]}]},{\"@type\":\"ImageObject\",\"inLanguage\":\"ca\",\"@id\":\"https:\/\/www.consigel.com\/ca\/producte\/jose-pariente-fermentado-en-barrica\/#primaryimage\",\"url\":\"https:\/\/www.consigel.com\/wp-content\/uploads\/2013\/10\/1393-thickbox_default-Jose-Pariente-Fermentado-en-Barrica.jpg\",\"contentUrl\":\"https:\/\/www.consigel.com\/wp-content\/uploads\/2013\/10\/1393-thickbox_default-Jose-Pariente-Fermentado-en-Barrica.jpg\",\"width\":1200,\"height\":1200,\"caption\":\"Jos\u00e9 Pariente Fermentado en Barrica\"},{\"@type\":\"BreadcrumbList\",\"@id\":\"https:\/\/www.consigel.com\/ca\/producte\/jose-pariente-fermentado-en-barrica\/#breadcrumb\",\"itemListElement\":[{\"@type\":\"ListItem\",\"position\":1,\"name\":\"Portada\",\"item\":\"https:\/\/www.consigel.com\/ca\/\"},{\"@type\":\"ListItem\",\"position\":2,\"name\":\"Shop\",\"item\":\"https:\/\/www.consigel.com\/ca\/shop\/\"},{\"@type\":\"ListItem\",\"position\":3,\"name\":\"Jos\u00e9 Pariente Fermentado en Barrica\"}]},{\"@type\":\"WebSite\",\"@id\":\"https:\/\/www.consigel.com\/ca\/#website\",\"url\":\"https:\/\/www.consigel.com\/ca\/\",\"name\":\"Consigel\",\"description\":\"\",\"potentialAction\":[{\"@type\":\"SearchAction\",\"target\":{\"@type\":\"EntryPoint\",\"urlTemplate\":\"https:\/\/www.consigel.com\/ca\/?s={search_term_string}\"},\"query-input\":\"required name=search_term_string\"}],\"inLanguage\":\"ca\"}]}<\/script>\n<!-- \/ Yoast SEO plugin. -->","yoast_head_json":{"title":"Jos\u00e9 Pariente Fermentado en Barrica - Consigel","robots":{"index":"index","follow":"follow","max-snippet":"max-snippet:-1","max-image-preview":"max-image-preview:large","max-video-preview":"max-video-preview:-1"},"canonical":"https:\/\/www.consigel.com\/ca\/producte\/jose-pariente-fermentado-en-barrica\/","og_locale":"ca_ES","og_type":"article","og_title":"Jos\u00e9 Pariente Fermentado en Barrica - Consigel","og_description":"100% Verdejo","og_url":"https:\/\/www.consigel.com\/ca\/producte\/jose-pariente-fermentado-en-barrica\/","og_site_name":"Consigel","og_image":[{"width":1200,"height":1200,"url":"https:\/\/www.consigel.com\/wp-content\/uploads\/2013\/10\/1393-thickbox_default-Jose-Pariente-Fermentado-en-Barrica.jpg","type":"image\/jpeg"}],"twitter_card":"summary_large_image","twitter_misc":{"Temps estimat de lectura":"1 minut"},"schema":{"@context":"https:\/\/schema.org","@graph":[{"@type":"WebPage","@id":"https:\/\/www.consigel.com\/ca\/producte\/jose-pariente-fermentado-en-barrica\/","url":"https:\/\/www.consigel.com\/ca\/producte\/jose-pariente-fermentado-en-barrica\/","name":"Jos\u00e9 Pariente Fermentado en Barrica - Consigel","isPartOf":{"@id":"https:\/\/www.consigel.com\/ca\/#website"},"primaryImageOfPage":{"@id":"https:\/\/www.consigel.com\/ca\/producte\/jose-pariente-fermentado-en-barrica\/#primaryimage"},"image":{"@id":"https:\/\/www.consigel.com\/ca\/producte\/jose-pariente-fermentado-en-barrica\/#primaryimage"},"thumbnailUrl":"https:\/\/www.consigel.com\/wp-content\/uploads\/2013\/10\/1393-thickbox_default-Jose-Pariente-Fermentado-en-Barrica.jpg","datePublished":"2013-10-24T20:34:12+00:00","dateModified":"2013-10-24T20:34:12+00:00","breadcrumb":{"@id":"https:\/\/www.consigel.com\/ca\/producte\/jose-pariente-fermentado-en-barrica\/#breadcrumb"},"inLanguage":"ca","potentialAction":[{"@type":"ReadAction","target":["https:\/\/www.consigel.com\/ca\/producte\/jose-pariente-fermentado-en-barrica\/"]}]},{"@type":"ImageObject","inLanguage":"ca","@id":"https:\/\/www.consigel.com\/ca\/producte\/jose-pariente-fermentado-en-barrica\/#primaryimage","url":"https:\/\/www.consigel.com\/wp-content\/uploads\/2013\/10\/1393-thickbox_default-Jose-Pariente-Fermentado-en-Barrica.jpg","contentUrl":"https:\/\/www.consigel.com\/wp-content\/uploads\/2013\/10\/1393-thickbox_default-Jose-Pariente-Fermentado-en-Barrica.jpg","width":1200,"height":1200,"caption":"Jos\u00e9 Pariente Fermentado en Barrica"},{"@type":"BreadcrumbList","@id":"https:\/\/www.consigel.com\/ca\/producte\/jose-pariente-fermentado-en-barrica\/#breadcrumb","itemListElement":[{"@type":"ListItem","position":1,"name":"Portada","item":"https:\/\/www.consigel.com\/ca\/"},{"@type":"ListItem","position":2,"name":"Shop","item":"https:\/\/www.consigel.com\/ca\/shop\/"},{"@type":"ListItem","position":3,"name":"Jos\u00e9 Pariente Fermentado en Barrica"}]},{"@type":"WebSite","@id":"https:\/\/www.consigel.com\/ca\/#website","url":"https:\/\/www.consigel.com\/ca\/","name":"Consigel","description":"","potentialAction":[{"@type":"SearchAction","target":{"@type":"EntryPoint","urlTemplate":"https:\/\/www.consigel.com\/ca\/?s={search_term_string}"},"query-input":"required name=search_term_string"}],"inLanguage":"ca"}]}},"_links":{"self":[{"href":"https:\/\/www.consigel.com\/ca\/wp-json\/wp\/v2\/product\/1138","targetHints":{"allow":["GET"]}}],"collection":[{"href":"https:\/\/www.consigel.com\/ca\/wp-json\/wp\/v2\/product"}],"about":[{"href":"https:\/\/www.consigel.com\/ca\/wp-json\/wp\/v2\/types\/product"}],"replies":[{"embeddable":true,"href":"https:\/\/www.consigel.com\/ca\/wp-json\/wp\/v2\/comments?post=1138"}],"wp:featuredmedia":[{"embeddable":true,"href":"https:\/\/www.consigel.com\/ca\/wp-json\/wp\/v2\/media\/1137"}],"wp:attachment":[{"href":"https:\/\/www.consigel.com\/ca\/wp-json\/wp\/v2\/media?parent=1138"}],"wp:term":[{"taxonomy":"product_cat","embeddable":true,"href":"https:\/\/www.consigel.com\/ca\/wp-json\/wp\/v2\/product_cat?post=1138"},{"taxonomy":"product_tag","embeddable":true,"href":"https:\/\/www.consigel.com\/ca\/wp-json\/wp\/v2\/product_tag?post=1138"}],"curies":[{"name":"wp","href":"https:\/\/api.w.org\/{rel}","templated":true}]}}