{"id":1136,"date":"2013-10-24T20:33:11","date_gmt":"2013-10-24T20:33:11","guid":{"rendered":"http:\/\/www.consigel.com\/product\/jose-pariente\/"},"modified":"2013-10-24T20:33:11","modified_gmt":"2013-10-24T20:33:11","slug":"jose-pariente","status":"publish","type":"product","link":"https:\/\/www.consigel.com\/ca\/producte\/jose-pariente\/","title":{"rendered":"Jos\u00e9 Pariente"},"content":{"rendered":"<p style=\"margin: 0px; padding: 0px 0px 8px; border: 0px currentColor; border-image: none; color: #000000; text-transform: none; line-height: inherit; text-indent: 0px; letter-spacing: normal; font-family: adobe-caslon-pro, Palatino, Garamond, serif; font-size: 15px; font-style: normal; font-weight: 400; word-spacing: 0px; vertical-align: baseline; white-space: normal; orphans: 2; widows: 2; font-stretch: inherit; background-color: #ffffff; font-variant-ligatures: normal; font-variant-caps: normal; -webkit-text-stroke-width: 0px; text-decoration-style: initial; text-decoration-color: initial; font-variant-numeric: inherit; font-variant-east-asian: inherit;\" align=\"center\">En primer lugar se realiz\u00f3 una maceraci\u00f3n en fr\u00edo entre 8 y 12 horas. Despu\u00e9s de un prensado neum\u00e1tico, tuvo lugar la fermentaci\u00f3n alcoh\u00f3lica a baja temperatura en dep\u00f3sitos de acero inoxidable; el vino permanece en sus l\u00edas hasta el momento del embotellado.<\/p>\n<p style=\"margin: 0px; padding: 0px 0px 8px; border: 0px currentColor; border-image: none; text-align: center; color: #000000; text-transform: none; line-height: inherit; text-indent: 0px; letter-spacing: normal; font-family: adobe-caslon-pro, Palatino, Garamond, serif; font-size: 15px; font-style: normal; font-weight: 400; word-spacing: 0px; vertical-align: baseline; white-space: normal; orphans: 2; widows: 2; font-stretch: inherit; background-color: #ffffff; font-variant-ligatures: normal; font-variant-caps: normal; -webkit-text-stroke-width: 0px; text-decoration-style: initial; text-decoration-color: initial; font-variant-numeric: inherit; font-variant-east-asian: inherit;\">\u00a0<\/p>\n<p style=\"margin: 0px; padding: 0px 0px 8px; border: 0px currentColor; border-image: none; color: #000000; text-transform: none; line-height: inherit; text-indent: 0px; letter-spacing: normal; font-family: adobe-caslon-pro, Palatino, Garamond, serif; font-size: 15px; font-style: normal; font-weight: 400; word-spacing: 0px; vertical-align: baseline; white-space: normal; orphans: 2; widows: 2; font-stretch: inherit; background-color: #ffffff; font-variant-ligatures: normal; font-variant-caps: normal; -webkit-text-stroke-width: 0px; text-decoration-style: initial; text-decoration-color: initial; font-variant-numeric: inherit; font-variant-east-asian: inherit;\" align=\"center\">CATA<\/p>\n<p style=\"margin: 0px; padding: 0px 0px 8px; border: 0px currentColor; border-image: none; color: #000000; text-transform: none; line-height: inherit; text-indent: 0px; letter-spacing: normal; font-family: adobe-caslon-pro, Palatino, Garamond, serif; font-size: 15px; font-style: normal; font-weight: 400; word-spacing: 0px; vertical-align: baseline; white-space: normal; orphans: 2; widows: 2; font-stretch: inherit; background-color: #ffffff; font-variant-ligatures: normal; font-variant-caps: normal; -webkit-text-stroke-width: 0px; text-decoration-style: initial; text-decoration-color: initial; font-variant-numeric: inherit; font-variant-east-asian: inherit;\" align=\"center\">\u00a0<\/p>\n<p style=\"margin: 0px; padding: 0px 0px 8px; border: 0px currentColor; border-image: none; color: #000000; text-transform: none; line-height: inherit; text-indent: 0px; letter-spacing: normal; font-family: adobe-caslon-pro, Palatino, Garamond, serif; font-size: 15px; font-style: normal; font-weight: 400; word-spacing: 0px; vertical-align: baseline; white-space: normal; orphans: 2; widows: 2; font-stretch: inherit; background-color: #ffffff; font-variant-ligatures: normal; font-variant-caps: normal; -webkit-text-stroke-width: 0px; text-decoration-style: initial; text-decoration-color: initial; font-variant-numeric: inherit; font-variant-east-asian: inherit;\" align=\"center\">En la fase visual se aprecia un color amarillo pajizo brillante, con reflejos verdosos.<\/p>\n<p style=\"margin: 0px; padding: 0px 0px 8px; border: 0px currentColor; border-image: none; color: #000000; text-transform: none; line-height: inherit; text-indent: 0px; letter-spacing: normal; font-family: adobe-caslon-pro, Palatino, Garamond, serif; font-size: 15px; font-style: normal; font-weight: 400; word-spacing: 0px; vertical-align: baseline; white-space: normal; orphans: 2; widows: 2; font-stretch: inherit; background-color: #ffffff; font-variant-ligatures: normal; font-variant-caps: normal; -webkit-text-stroke-width: 0px; text-decoration-style: initial; text-decoration-color: initial; font-variant-numeric: inherit; font-variant-east-asian: inherit;\" align=\"center\">El aroma, de gran intensidad, es elegante, fresco y complejo. Muestra un marcado tono afrutado, que abarca la gama de frutas de hueso (melocot\u00f3n), frutas blancas (pera),<\/p>\n<p style=\"margin: 0px; padding: 0px 0px 8px; border: 0px currentColor; border-image: none; color: #000000; text-transform: none; line-height: inherit; text-indent: 0px; letter-spacing: normal; font-family: adobe-caslon-pro, Palatino, Garamond, serif; font-size: 15px; font-style: normal; font-weight: 400; word-spacing: 0px; vertical-align: baseline; white-space: normal; orphans: 2; widows: 2; font-stretch: inherit; background-color: #ffffff; font-variant-ligatures: normal; font-variant-caps: normal; -webkit-text-stroke-width: 0px; text-decoration-style: initial; text-decoration-color: initial; font-variant-numeric: inherit; font-variant-east-asian: inherit;\" align=\"center\">\u00a0c\u00edtricos (lim\u00f3n, pomelo). Asimismo, se aprecian aromas de hinojo, de monte bajo y un fondo anisado, bals\u00e1mico.<\/p>\n<p style=\"margin: 0px; padding: 0px 0px 8px; border: 0px currentColor; border-image: none; color: #000000; text-transform: none; line-height: inherit; text-indent: 0px; letter-spacing: normal; font-family: adobe-caslon-pro, Palatino, Garamond, serif; font-size: 15px; font-style: normal; font-weight: 400; word-spacing: 0px; vertical-align: baseline; white-space: normal; orphans: 2; widows: 2; font-stretch: inherit; background-color: #ffffff; font-variant-ligatures: normal; font-variant-caps: normal; -webkit-text-stroke-width: 0px; text-decoration-style: initial; text-decoration-color: initial; font-variant-numeric: inherit; font-variant-east-asian: inherit;\" align=\"center\">En boca aparecen de nuevo las notas de fruta fresca. Untuoso, goloso y elegante con un suave toque de amargor final, caracter\u00edstico de la variedad verdejo. Posee una gran estructura que favorece su persistencia. La retronasal es compleja e intensa.<\/p>\n<p style=\"margin: 0px; padding: 0px 0px 8px; border: 0px currentColor; border-image: none; text-align: center; color: #000000; text-transform: none; line-height: inherit; text-indent: 0px; letter-spacing: normal; font-family: adobe-caslon-pro, Palatino, Garamond, serif; font-size: 15px; font-style: normal; font-weight: 400; word-spacing: 0px; vertical-align: baseline; white-space: normal; orphans: 2; widows: 2; font-stretch: inherit; background-color: #ffffff; font-variant-ligatures: normal; font-variant-caps: normal; -webkit-text-stroke-width: 0px; text-decoration-style: initial; text-decoration-color: initial; font-variant-numeric: inherit; font-variant-east-asian: inherit;\">\u00a0<\/p>\n<p style=\"margin: 0px; padding: 0px 0px 8px; border: 0px currentColor; border-image: none; color: #000000; text-transform: none; line-height: inherit; text-indent: 0px; letter-spacing: normal; font-family: adobe-caslon-pro, Palatino, Garamond, serif; font-size: 15px; font-style: normal; font-weight: 400; word-spacing: 0px; vertical-align: baseline; white-space: normal; orphans: 2; widows: 2; font-stretch: inherit; background-color: #ffffff; font-variant-ligatures: normal; font-variant-caps: normal; -webkit-text-stroke-width: 0px; text-decoration-style: initial; text-decoration-color: initial; font-variant-numeric: inherit; font-variant-east-asian: inherit;\" align=\"center\">GASTRONOM\u00cdA<\/p>\n<p style=\"margin: 0px; padding: 0px 0px 8px; border: 0px currentColor; border-image: none; color: #000000; text-transform: none; line-height: inherit; text-indent: 0px; letter-spacing: normal; font-family: adobe-caslon-pro, Palatino, Garamond, serif; font-size: 15px; font-style: normal; font-weight: 400; word-spacing: 0px; vertical-align: baseline; white-space: normal; orphans: 2; widows: 2; font-stretch: inherit; background-color: #ffffff; font-variant-ligatures: normal; font-variant-caps: normal; -webkit-text-stroke-width: 0px; text-decoration-style: initial; text-decoration-color: initial; font-variant-numeric: inherit; font-variant-east-asian: inherit;\" align=\"center\">\u00a0<\/p>\n<p style=\"margin: 0px; padding: 0px 0px 8px; border: 0px currentColor; border-image: none; color: #000000; text-transform: none; line-height: inherit; text-indent: 0px; letter-spacing: normal; font-family: adobe-caslon-pro, Palatino, Garamond, serif; font-size: 15px; font-style: normal; font-weight: 400; word-spacing: 0px; vertical-align: baseline; white-space: normal; orphans: 2; widows: 2; font-stretch: inherit; background-color: #ffffff; font-variant-ligatures: normal; font-variant-caps: normal; -webkit-text-stroke-width: 0px; text-decoration-style: initial; text-decoration-color: initial; font-variant-numeric: inherit; font-variant-east-asian: inherit;\" align=\"center\">Es un vino indicado para aperitivos y acompa\u00f1ando platos a base de pescado, marisco, pastas, arroces y carnes blancas. Marida con tipo de ahumados, quesos suaves y jam\u00f3n serrano.<\/p>\n","protected":false},"excerpt":{"rendered":"<p>100% Verdejo<\/p>\n","protected":false},"featured_media":1135,"comment_status":"open","ping_status":"closed","template":"","meta":[],"product_cat":[69,38,19],"product_tag":[],"class_list":{"0":"post-1136","1":"product","2":"type-product","3":"status-publish","4":"has-post-thumbnail","6":"product_cat-bodegas-jose-pariente","7":"product_cat-do-rueda","8":"product_cat-vinos-y-licores","10":"first","11":"outofstock","12":"shipping-taxable","13":"product-type-simple"},"yoast_head":"<!-- This site is optimized with the Yoast SEO plugin v23.3 - https:\/\/yoast.com\/wordpress\/plugins\/seo\/ -->\n<title>Jos\u00e9 Pariente - Consigel<\/title>\n<meta name=\"robots\" content=\"index, follow, max-snippet:-1, max-image-preview:large, max-video-preview:-1\" \/>\n<link rel=\"canonical\" href=\"https:\/\/www.consigel.com\/ca\/producte\/jose-pariente\/\" \/>\n<meta property=\"og:locale\" content=\"ca_ES\" \/>\n<meta property=\"og:type\" content=\"article\" \/>\n<meta property=\"og:title\" content=\"Jos\u00e9 Pariente - Consigel\" \/>\n<meta property=\"og:description\" content=\"100% Verdejo\" \/>\n<meta property=\"og:url\" content=\"https:\/\/www.consigel.com\/ca\/producte\/jose-pariente\/\" \/>\n<meta property=\"og:site_name\" content=\"Consigel\" \/>\n<meta property=\"og:image\" content=\"https:\/\/www.consigel.com\/wp-content\/uploads\/2013\/10\/1397-thickbox_default-Jose-Pariente.jpg\" \/>\n\t<meta property=\"og:image:width\" content=\"1200\" \/>\n\t<meta property=\"og:image:height\" content=\"1200\" \/>\n\t<meta property=\"og:image:type\" content=\"image\/jpeg\" \/>\n<meta name=\"twitter:card\" content=\"summary_large_image\" \/>\n<meta name=\"twitter:label1\" content=\"Temps estimat de lectura\" \/>\n\t<meta name=\"twitter:data1\" content=\"1 minut\" \/>\n<script type=\"application\/ld+json\" class=\"yoast-schema-graph\">{\"@context\":\"https:\/\/schema.org\",\"@graph\":[{\"@type\":\"WebPage\",\"@id\":\"https:\/\/www.consigel.com\/ca\/producte\/jose-pariente\/\",\"url\":\"https:\/\/www.consigel.com\/ca\/producte\/jose-pariente\/\",\"name\":\"Jos\u00e9 Pariente - Consigel\",\"isPartOf\":{\"@id\":\"https:\/\/www.consigel.com\/ca\/#website\"},\"primaryImageOfPage\":{\"@id\":\"https:\/\/www.consigel.com\/ca\/producte\/jose-pariente\/#primaryimage\"},\"image\":{\"@id\":\"https:\/\/www.consigel.com\/ca\/producte\/jose-pariente\/#primaryimage\"},\"thumbnailUrl\":\"https:\/\/www.consigel.com\/wp-content\/uploads\/2013\/10\/1397-thickbox_default-Jose-Pariente.jpg\",\"datePublished\":\"2013-10-24T20:33:11+00:00\",\"dateModified\":\"2013-10-24T20:33:11+00:00\",\"breadcrumb\":{\"@id\":\"https:\/\/www.consigel.com\/ca\/producte\/jose-pariente\/#breadcrumb\"},\"inLanguage\":\"ca\",\"potentialAction\":[{\"@type\":\"ReadAction\",\"target\":[\"https:\/\/www.consigel.com\/ca\/producte\/jose-pariente\/\"]}]},{\"@type\":\"ImageObject\",\"inLanguage\":\"ca\",\"@id\":\"https:\/\/www.consigel.com\/ca\/producte\/jose-pariente\/#primaryimage\",\"url\":\"https:\/\/www.consigel.com\/wp-content\/uploads\/2013\/10\/1397-thickbox_default-Jose-Pariente.jpg\",\"contentUrl\":\"https:\/\/www.consigel.com\/wp-content\/uploads\/2013\/10\/1397-thickbox_default-Jose-Pariente.jpg\",\"width\":1200,\"height\":1200,\"caption\":\"Jos\u00e9 Pariente\"},{\"@type\":\"BreadcrumbList\",\"@id\":\"https:\/\/www.consigel.com\/ca\/producte\/jose-pariente\/#breadcrumb\",\"itemListElement\":[{\"@type\":\"ListItem\",\"position\":1,\"name\":\"Portada\",\"item\":\"https:\/\/www.consigel.com\/ca\/\"},{\"@type\":\"ListItem\",\"position\":2,\"name\":\"Shop\",\"item\":\"https:\/\/www.consigel.com\/ca\/shop\/\"},{\"@type\":\"ListItem\",\"position\":3,\"name\":\"Jos\u00e9 Pariente\"}]},{\"@type\":\"WebSite\",\"@id\":\"https:\/\/www.consigel.com\/ca\/#website\",\"url\":\"https:\/\/www.consigel.com\/ca\/\",\"name\":\"Consigel\",\"description\":\"\",\"potentialAction\":[{\"@type\":\"SearchAction\",\"target\":{\"@type\":\"EntryPoint\",\"urlTemplate\":\"https:\/\/www.consigel.com\/ca\/?s={search_term_string}\"},\"query-input\":\"required name=search_term_string\"}],\"inLanguage\":\"ca\"}]}<\/script>\n<!-- \/ Yoast SEO plugin. -->","yoast_head_json":{"title":"Jos\u00e9 Pariente - Consigel","robots":{"index":"index","follow":"follow","max-snippet":"max-snippet:-1","max-image-preview":"max-image-preview:large","max-video-preview":"max-video-preview:-1"},"canonical":"https:\/\/www.consigel.com\/ca\/producte\/jose-pariente\/","og_locale":"ca_ES","og_type":"article","og_title":"Jos\u00e9 Pariente - Consigel","og_description":"100% Verdejo","og_url":"https:\/\/www.consigel.com\/ca\/producte\/jose-pariente\/","og_site_name":"Consigel","og_image":[{"width":1200,"height":1200,"url":"https:\/\/www.consigel.com\/wp-content\/uploads\/2013\/10\/1397-thickbox_default-Jose-Pariente.jpg","type":"image\/jpeg"}],"twitter_card":"summary_large_image","twitter_misc":{"Temps estimat de lectura":"1 minut"},"schema":{"@context":"https:\/\/schema.org","@graph":[{"@type":"WebPage","@id":"https:\/\/www.consigel.com\/ca\/producte\/jose-pariente\/","url":"https:\/\/www.consigel.com\/ca\/producte\/jose-pariente\/","name":"Jos\u00e9 Pariente - Consigel","isPartOf":{"@id":"https:\/\/www.consigel.com\/ca\/#website"},"primaryImageOfPage":{"@id":"https:\/\/www.consigel.com\/ca\/producte\/jose-pariente\/#primaryimage"},"image":{"@id":"https:\/\/www.consigel.com\/ca\/producte\/jose-pariente\/#primaryimage"},"thumbnailUrl":"https:\/\/www.consigel.com\/wp-content\/uploads\/2013\/10\/1397-thickbox_default-Jose-Pariente.jpg","datePublished":"2013-10-24T20:33:11+00:00","dateModified":"2013-10-24T20:33:11+00:00","breadcrumb":{"@id":"https:\/\/www.consigel.com\/ca\/producte\/jose-pariente\/#breadcrumb"},"inLanguage":"ca","potentialAction":[{"@type":"ReadAction","target":["https:\/\/www.consigel.com\/ca\/producte\/jose-pariente\/"]}]},{"@type":"ImageObject","inLanguage":"ca","@id":"https:\/\/www.consigel.com\/ca\/producte\/jose-pariente\/#primaryimage","url":"https:\/\/www.consigel.com\/wp-content\/uploads\/2013\/10\/1397-thickbox_default-Jose-Pariente.jpg","contentUrl":"https:\/\/www.consigel.com\/wp-content\/uploads\/2013\/10\/1397-thickbox_default-Jose-Pariente.jpg","width":1200,"height":1200,"caption":"Jos\u00e9 Pariente"},{"@type":"BreadcrumbList","@id":"https:\/\/www.consigel.com\/ca\/producte\/jose-pariente\/#breadcrumb","itemListElement":[{"@type":"ListItem","position":1,"name":"Portada","item":"https:\/\/www.consigel.com\/ca\/"},{"@type":"ListItem","position":2,"name":"Shop","item":"https:\/\/www.consigel.com\/ca\/shop\/"},{"@type":"ListItem","position":3,"name":"Jos\u00e9 Pariente"}]},{"@type":"WebSite","@id":"https:\/\/www.consigel.com\/ca\/#website","url":"https:\/\/www.consigel.com\/ca\/","name":"Consigel","description":"","potentialAction":[{"@type":"SearchAction","target":{"@type":"EntryPoint","urlTemplate":"https:\/\/www.consigel.com\/ca\/?s={search_term_string}"},"query-input":"required name=search_term_string"}],"inLanguage":"ca"}]}},"_links":{"self":[{"href":"https:\/\/www.consigel.com\/ca\/wp-json\/wp\/v2\/product\/1136","targetHints":{"allow":["GET"]}}],"collection":[{"href":"https:\/\/www.consigel.com\/ca\/wp-json\/wp\/v2\/product"}],"about":[{"href":"https:\/\/www.consigel.com\/ca\/wp-json\/wp\/v2\/types\/product"}],"replies":[{"embeddable":true,"href":"https:\/\/www.consigel.com\/ca\/wp-json\/wp\/v2\/comments?post=1136"}],"wp:featuredmedia":[{"embeddable":true,"href":"https:\/\/www.consigel.com\/ca\/wp-json\/wp\/v2\/media\/1135"}],"wp:attachment":[{"href":"https:\/\/www.consigel.com\/ca\/wp-json\/wp\/v2\/media?parent=1136"}],"wp:term":[{"taxonomy":"product_cat","embeddable":true,"href":"https:\/\/www.consigel.com\/ca\/wp-json\/wp\/v2\/product_cat?post=1136"},{"taxonomy":"product_tag","embeddable":true,"href":"https:\/\/www.consigel.com\/ca\/wp-json\/wp\/v2\/product_tag?post=1136"}],"curies":[{"name":"wp","href":"https:\/\/api.w.org\/{rel}","templated":true}]}}