{"id":1132,"date":"2013-10-24T13:40:53","date_gmt":"2013-10-24T13:40:53","guid":{"rendered":"http:\/\/www.consigel.com\/product\/pago-de-valtarrena\/"},"modified":"2013-10-24T13:40:53","modified_gmt":"2013-10-24T13:40:53","slug":"pago-de-valtarrena","status":"publish","type":"product","link":"https:\/\/www.consigel.com\/ca\/producte\/pago-de-valtarrena\/","title":{"rendered":"Carmelo Rodero Pago de Valtarre\u00f1a"},"content":{"rendered":"<p>Cultivados en vaso y espaldera con unos rendimientos de s\u00f3lo 3.500 kg por hectarea. Las uvas son vendimiadas a mano en cajas de 12Kilos. Fermentaci\u00f3n en dep\u00f3sitos de acero inoxidables y malol\u00e1ctica en barrica de roble franc\u00e9s. Crianza de 24 meses en barricas de roble franc\u00e9s de 225 litros con un grano seleccionado y una edad media de a\u00f1o y medio.<\/p>\n<p>Es un tinto goloso y potente, al mismo tiempo que suave y aterciopelado. Es una mano de hierro en un guante de terciopelo. A la vista resulta muy atractivo y ya deja entrever que va a ser cosa seria. De n\u00edtido y brillante color cereza. Pr\u00e1cticamente sin ribete nos permite vaticinar la larga vida que se augura.<\/p>\n<p>En fase olfativa podemos encontrar una intensa y agradable gama de aromas. Se entremezclan las notas que evocan a frutas negras en saz\u00f3n con recuerdos tostados, tambi\u00e9n de cueros y caf\u00e9s. A medida que profundizamos vienen a nuestra memoria aromas especiados, de amplia intensidad y elevada persistencia.<\/p>\n<p>En boca resulta muy carnoso, s\u00e1pido, aterciopelado, estructurado, fresco y dotado de un gran equilibrio. Notas de zarzamora, de caramelos de caf\u00e9 con leche, de bosque umbr\u00edo, de tabaco de pipa, de minerales\u2026 Es un vino eterno en sensaciones que adem\u00e1s persisten, pues es muy, muy largo.<\/p>\n","protected":false},"excerpt":{"rendered":"<p>100% Tempranillo<\/p>\n","protected":false},"featured_media":1131,"comment_status":"open","ping_status":"closed","template":"","meta":[],"product_cat":[71,19,46],"product_tag":[],"class_list":{"0":"post-1132","1":"product","2":"type-product","3":"status-publish","4":"has-post-thumbnail","6":"product_cat-bodegas-carmelo-rodero","7":"product_cat-vinos-y-licores","8":"product_cat-do-ribera-del-duero","10":"first","11":"outofstock","12":"shipping-taxable","13":"product-type-simple"},"yoast_head":"<!-- This site is optimized with the Yoast SEO plugin v23.3 - https:\/\/yoast.com\/wordpress\/plugins\/seo\/ -->\n<title>Carmelo Rodero Pago de Valtarre\u00f1a - Consigel<\/title>\n<meta name=\"robots\" content=\"index, follow, max-snippet:-1, max-image-preview:large, max-video-preview:-1\" \/>\n<link rel=\"canonical\" href=\"https:\/\/www.consigel.com\/ca\/producte\/pago-de-valtarrena\/\" \/>\n<meta property=\"og:locale\" content=\"ca_ES\" \/>\n<meta property=\"og:type\" content=\"article\" \/>\n<meta property=\"og:title\" content=\"Carmelo Rodero Pago de Valtarre\u00f1a - Consigel\" \/>\n<meta property=\"og:description\" content=\"100% Tempranillo\" \/>\n<meta property=\"og:url\" content=\"https:\/\/www.consigel.com\/ca\/producte\/pago-de-valtarrena\/\" \/>\n<meta property=\"og:site_name\" content=\"Consigel\" \/>\n<meta property=\"og:image\" content=\"https:\/\/www.consigel.com\/wp-content\/uploads\/2013\/10\/1388-thickbox_default-Carmelo-Rodero-Pago-de-Valtarrena.jpg\" \/>\n\t<meta property=\"og:image:width\" content=\"1200\" \/>\n\t<meta property=\"og:image:height\" content=\"1200\" \/>\n\t<meta property=\"og:image:type\" content=\"image\/jpeg\" \/>\n<meta name=\"twitter:card\" content=\"summary_large_image\" \/>\n<meta name=\"twitter:label1\" content=\"Temps estimat de lectura\" \/>\n\t<meta name=\"twitter:data1\" content=\"1 minut\" \/>\n<script type=\"application\/ld+json\" class=\"yoast-schema-graph\">{\"@context\":\"https:\/\/schema.org\",\"@graph\":[{\"@type\":\"WebPage\",\"@id\":\"https:\/\/www.consigel.com\/ca\/producte\/pago-de-valtarrena\/\",\"url\":\"https:\/\/www.consigel.com\/ca\/producte\/pago-de-valtarrena\/\",\"name\":\"Carmelo Rodero Pago de Valtarre\u00f1a - Consigel\",\"isPartOf\":{\"@id\":\"https:\/\/www.consigel.com\/ca\/#website\"},\"primaryImageOfPage\":{\"@id\":\"https:\/\/www.consigel.com\/ca\/producte\/pago-de-valtarrena\/#primaryimage\"},\"image\":{\"@id\":\"https:\/\/www.consigel.com\/ca\/producte\/pago-de-valtarrena\/#primaryimage\"},\"thumbnailUrl\":\"https:\/\/www.consigel.com\/wp-content\/uploads\/2013\/10\/1388-thickbox_default-Carmelo-Rodero-Pago-de-Valtarrena.jpg\",\"datePublished\":\"2013-10-24T13:40:53+00:00\",\"dateModified\":\"2013-10-24T13:40:53+00:00\",\"breadcrumb\":{\"@id\":\"https:\/\/www.consigel.com\/ca\/producte\/pago-de-valtarrena\/#breadcrumb\"},\"inLanguage\":\"ca\",\"potentialAction\":[{\"@type\":\"ReadAction\",\"target\":[\"https:\/\/www.consigel.com\/ca\/producte\/pago-de-valtarrena\/\"]}]},{\"@type\":\"ImageObject\",\"inLanguage\":\"ca\",\"@id\":\"https:\/\/www.consigel.com\/ca\/producte\/pago-de-valtarrena\/#primaryimage\",\"url\":\"https:\/\/www.consigel.com\/wp-content\/uploads\/2013\/10\/1388-thickbox_default-Carmelo-Rodero-Pago-de-Valtarrena.jpg\",\"contentUrl\":\"https:\/\/www.consigel.com\/wp-content\/uploads\/2013\/10\/1388-thickbox_default-Carmelo-Rodero-Pago-de-Valtarrena.jpg\",\"width\":1200,\"height\":1200,\"caption\":\"Carmelo Rodero Pago de Valtarre\u00f1a\"},{\"@type\":\"BreadcrumbList\",\"@id\":\"https:\/\/www.consigel.com\/ca\/producte\/pago-de-valtarrena\/#breadcrumb\",\"itemListElement\":[{\"@type\":\"ListItem\",\"position\":1,\"name\":\"Portada\",\"item\":\"https:\/\/www.consigel.com\/ca\/\"},{\"@type\":\"ListItem\",\"position\":2,\"name\":\"Shop\",\"item\":\"https:\/\/www.consigel.com\/ca\/shop\/\"},{\"@type\":\"ListItem\",\"position\":3,\"name\":\"Carmelo Rodero Pago de Valtarre\u00f1a\"}]},{\"@type\":\"WebSite\",\"@id\":\"https:\/\/www.consigel.com\/ca\/#website\",\"url\":\"https:\/\/www.consigel.com\/ca\/\",\"name\":\"Consigel\",\"description\":\"\",\"potentialAction\":[{\"@type\":\"SearchAction\",\"target\":{\"@type\":\"EntryPoint\",\"urlTemplate\":\"https:\/\/www.consigel.com\/ca\/?s={search_term_string}\"},\"query-input\":\"required name=search_term_string\"}],\"inLanguage\":\"ca\"}]}<\/script>\n<!-- \/ Yoast SEO plugin. -->","yoast_head_json":{"title":"Carmelo Rodero Pago de Valtarre\u00f1a - Consigel","robots":{"index":"index","follow":"follow","max-snippet":"max-snippet:-1","max-image-preview":"max-image-preview:large","max-video-preview":"max-video-preview:-1"},"canonical":"https:\/\/www.consigel.com\/ca\/producte\/pago-de-valtarrena\/","og_locale":"ca_ES","og_type":"article","og_title":"Carmelo Rodero Pago de Valtarre\u00f1a - Consigel","og_description":"100% Tempranillo","og_url":"https:\/\/www.consigel.com\/ca\/producte\/pago-de-valtarrena\/","og_site_name":"Consigel","og_image":[{"width":1200,"height":1200,"url":"https:\/\/www.consigel.com\/wp-content\/uploads\/2013\/10\/1388-thickbox_default-Carmelo-Rodero-Pago-de-Valtarrena.jpg","type":"image\/jpeg"}],"twitter_card":"summary_large_image","twitter_misc":{"Temps estimat de lectura":"1 minut"},"schema":{"@context":"https:\/\/schema.org","@graph":[{"@type":"WebPage","@id":"https:\/\/www.consigel.com\/ca\/producte\/pago-de-valtarrena\/","url":"https:\/\/www.consigel.com\/ca\/producte\/pago-de-valtarrena\/","name":"Carmelo Rodero Pago de Valtarre\u00f1a - Consigel","isPartOf":{"@id":"https:\/\/www.consigel.com\/ca\/#website"},"primaryImageOfPage":{"@id":"https:\/\/www.consigel.com\/ca\/producte\/pago-de-valtarrena\/#primaryimage"},"image":{"@id":"https:\/\/www.consigel.com\/ca\/producte\/pago-de-valtarrena\/#primaryimage"},"thumbnailUrl":"https:\/\/www.consigel.com\/wp-content\/uploads\/2013\/10\/1388-thickbox_default-Carmelo-Rodero-Pago-de-Valtarrena.jpg","datePublished":"2013-10-24T13:40:53+00:00","dateModified":"2013-10-24T13:40:53+00:00","breadcrumb":{"@id":"https:\/\/www.consigel.com\/ca\/producte\/pago-de-valtarrena\/#breadcrumb"},"inLanguage":"ca","potentialAction":[{"@type":"ReadAction","target":["https:\/\/www.consigel.com\/ca\/producte\/pago-de-valtarrena\/"]}]},{"@type":"ImageObject","inLanguage":"ca","@id":"https:\/\/www.consigel.com\/ca\/producte\/pago-de-valtarrena\/#primaryimage","url":"https:\/\/www.consigel.com\/wp-content\/uploads\/2013\/10\/1388-thickbox_default-Carmelo-Rodero-Pago-de-Valtarrena.jpg","contentUrl":"https:\/\/www.consigel.com\/wp-content\/uploads\/2013\/10\/1388-thickbox_default-Carmelo-Rodero-Pago-de-Valtarrena.jpg","width":1200,"height":1200,"caption":"Carmelo Rodero Pago de Valtarre\u00f1a"},{"@type":"BreadcrumbList","@id":"https:\/\/www.consigel.com\/ca\/producte\/pago-de-valtarrena\/#breadcrumb","itemListElement":[{"@type":"ListItem","position":1,"name":"Portada","item":"https:\/\/www.consigel.com\/ca\/"},{"@type":"ListItem","position":2,"name":"Shop","item":"https:\/\/www.consigel.com\/ca\/shop\/"},{"@type":"ListItem","position":3,"name":"Carmelo Rodero Pago de Valtarre\u00f1a"}]},{"@type":"WebSite","@id":"https:\/\/www.consigel.com\/ca\/#website","url":"https:\/\/www.consigel.com\/ca\/","name":"Consigel","description":"","potentialAction":[{"@type":"SearchAction","target":{"@type":"EntryPoint","urlTemplate":"https:\/\/www.consigel.com\/ca\/?s={search_term_string}"},"query-input":"required name=search_term_string"}],"inLanguage":"ca"}]}},"_links":{"self":[{"href":"https:\/\/www.consigel.com\/ca\/wp-json\/wp\/v2\/product\/1132","targetHints":{"allow":["GET"]}}],"collection":[{"href":"https:\/\/www.consigel.com\/ca\/wp-json\/wp\/v2\/product"}],"about":[{"href":"https:\/\/www.consigel.com\/ca\/wp-json\/wp\/v2\/types\/product"}],"replies":[{"embeddable":true,"href":"https:\/\/www.consigel.com\/ca\/wp-json\/wp\/v2\/comments?post=1132"}],"wp:featuredmedia":[{"embeddable":true,"href":"https:\/\/www.consigel.com\/ca\/wp-json\/wp\/v2\/media\/1131"}],"wp:attachment":[{"href":"https:\/\/www.consigel.com\/ca\/wp-json\/wp\/v2\/media?parent=1132"}],"wp:term":[{"taxonomy":"product_cat","embeddable":true,"href":"https:\/\/www.consigel.com\/ca\/wp-json\/wp\/v2\/product_cat?post=1132"},{"taxonomy":"product_tag","embeddable":true,"href":"https:\/\/www.consigel.com\/ca\/wp-json\/wp\/v2\/product_tag?post=1132"}],"curies":[{"name":"wp","href":"https:\/\/api.w.org\/{rel}","templated":true}]}}