{"id":1126,"date":"2013-10-24T13:34:43","date_gmt":"2013-10-24T13:34:43","guid":{"rendered":"http:\/\/www.consigel.com\/product\/carmelo-rodero-tinto-joven\/"},"modified":"2013-10-24T13:34:43","modified_gmt":"2013-10-24T13:34:43","slug":"carmelo-rodero-tinto-joven","status":"publish","type":"product","link":"https:\/\/www.consigel.com\/ca\/producte\/carmelo-rodero-tinto-joven\/","title":{"rendered":"Carmelo Rodero Tinto Joven"},"content":{"rendered":"<p><span style=\"background-color: #ffffff;\">Procedente de vi\u00f1edos propios con una edad de entre 5 y 20 a\u00f1os.<\/span><\/p>\n<p><span style=\"background-color: #ffffff;\"><span style=\"background-color: #ffffff;\">Elaboraci\u00f3n cl\u00e1sica con uvas despalilladas y semiestrujadas.<\/span><\/span><\/p>\n<p><span style=\"background-color: #ffffff;\"><span style=\"background-color: #ffffff;\"><span style=\"background-color: #ffffff;\"><span style=\"background-color: #ffffff;\">Control de temperatura en fermentaci\u00f3n y maceraci\u00f3n. Fermentaci\u00f3n malol\u00e1ctica en dep\u00f3sito de acero inoxidable a 20-22\u00ba C.<\/span><\/span><\/span><\/span><\/p>\n<p><span style=\"background-color: #ffffff;\"><span style=\"background-color: #ffffff;\"><span style=\"background-color: #ffffff;\"><span style=\"background-color: #ffffff;\"><span style=\"background-color: #ffffff;\">Crianza de 9 meses en barrica de roble franc\u00e9s.<\/span><\/span><\/span><\/span><\/span><\/p>\n<p><span style=\"background-color: #ffffff;\"><span style=\"background-color: #ffffff;\"><span style=\"background-color: #ffffff;\"><span style=\"background-color: #ffffff;\"><span style=\"background-color: #ffffff;\"><span style=\"background-color: #ffffff;\">Botellero m\u00ednimo tres meses antes de su comercializaci\u00f3n.<\/span><\/span><\/span><\/span><\/span><\/span><\/p>\n<p><span style=\"background-color: #ffffff;\"><span style=\"background-color: #ffffff;\"><span style=\"background-color: #ffffff;\"><span style=\"background-color: #ffffff;\"><span style=\"background-color: #ffffff;\"><span style=\"background-color: #ffffff;\"><span style=\"background-color: #ffffff;\"><span style=\"background-color: #ffffff;\">Nos ofrece a la vista un limpio y brillante color cereza.<\/span><\/span><\/span><\/span><\/span><\/span><\/span><\/span><\/p>\n<p><span style=\"background-color: #ffffff;\"><span style=\"background-color: #ffffff;\"><span style=\"background-color: #ffffff;\"><span style=\"background-color: #ffffff;\"><span style=\"background-color: #ffffff;\"><span style=\"background-color: #ffffff;\"><span style=\"background-color: #ffffff;\"><span style=\"background-color: #ffffff;\"><span style=\"background-color: #ffffff;\"><span style=\"background-color: #ffffff;\"><span style=\"background-color: #ffffff;\"><span style=\"background-color: #ffffff;\">En nariz, un intenso aroma floral y a fruta roja del bosque, ensamblada en toques l\u00e1cticos y vainillas, propios de su paso por madera.<\/span><\/span><\/span><\/span><\/span><\/span><\/span><\/span><\/span><\/span><\/span><\/span><\/p>\n<p><span style=\"background-color: #ffffff;\"><span style=\"background-color: #ffffff;\"><span style=\"background-color: #ffffff;\"><span style=\"background-color: #ffffff;\"><span style=\"background-color: #ffffff;\"><span style=\"background-color: #ffffff;\"><span style=\"background-color: #ffffff;\"><span style=\"background-color: #ffffff;\"><span style=\"background-color: #ffffff;\"><span style=\"background-color: #ffffff;\"><span style=\"background-color: #ffffff;\"><span style=\"background-color: #ffffff;\"><span style=\"background-color: #ffffff;\"><span style=\"background-color: #ffffff;\"><span style=\"background-color: #ffffff;\"><span style=\"background-color: #ffffff;\"><span style=\"background-color: #ffffff;\"><span style=\"background-color: #ffffff;\"><span style=\"background-color: #ffffff;\"><span style=\"background-color: #ffffff;\"><span style=\"background-color: #ffffff;\"><span style=\"background-color: #ffffff;\"><span style=\"background-color: #ffffff;\"><span style=\"background-color: #ffffff;\"><span style=\"background-color: #ffffff;\"><span style=\"background-color: #ffffff;\"><span style=\"background-color: #ffffff;\"><span style=\"background-color: #ffffff;\">En paso en boca resulta amplio, elegante, persistente y aterciopelado\u00a0\u00a0\u00a0\u00a0\u00a0\u00a0\u00a0\u00a0\u00a0\u00a0\u00a0\u00a0\u00a0\u00a0\u00a0\u00a0\u00a0\u00a0\u00a0\u00a0\u00a0\u00a0\u00a0\u00a0\u00a0\u00a0\u00a0\u00a0\u00a0\u00a0\u00a0\u00a0\u00a0\u00a0\u00a0\u00a0\u00a0\u00a0\u00a0\u00a0\u00a0\u00a0\u00a0\u00a0\u00a0\u00a0\u00a0\u00a0\u00a0\u00a0\u00a0\u00a0\u00a0\u00a0\u00a0\u00a0\u00a0\u00a0\u00a0\u00a0\u00a0\u00a0\u00a0\u00a0\u00a0\u00a0\u00a0\u00a0\u00a0\u00a0\u00a0\u00a0\u00a0\u00a0\u00a0\u00a0\u00a0\u00a0\u00a0\u00a0\u00a0\u00a0\u00a0\u00a0\u00a0\u00a0\u00a0\u00a0\u00a0\u00a0\u00a0\u00a0\u00a0\u00a0\u00a0\u00a0\u00a0\u00a0\u00a0\u00a0\u00a0\u00a0\u00a0\u00a0\u00a0\u00a0\u00a0\u00a0\u00a0\u00a0\u00a0\u00a0\u00a0\u00a0\u00a0\u00a0\u00a0\u00a0\u00a0\u00a0\u00a0\u00a0\u00a0\u00a0\u00a0\u00a0\u00a0\u00a0\u00a0\u00a0\u00a0\u00a0\u00a0\u00a0\u00a0\u00a0\u00a0\u00a0\u00a0\u00a0\u00a0\u00a0\u00a0\u00a0\u00a0\u00a0\u00a0\u00a0\u00a0\u00a0\u00a0\u00a0\u00a0\u00a0\u00a0\u00a0\u00a0\u00a0\u00a0\u00a0\u00a0\u00a0\u00a0\u00a0\u00a0\u00a0\u00a0\u00a0\u00a0\u00a0\u00a0\u00a0 <\/span><\/span><\/span><\/span><\/span><\/span><\/span><\/span><\/span><\/span><\/span><\/span><\/span><\/span><\/span><\/span><\/span><\/span><\/span><\/span><\/span><\/span><\/span><\/span><\/span><\/span><\/span><\/span><\/p>\n","protected":false},"excerpt":{"rendered":"<p>100% tempranillo<\/p>\n","protected":false},"featured_media":1125,"comment_status":"open","ping_status":"closed","template":"","meta":[],"product_cat":[71,19,46],"product_tag":[],"class_list":{"0":"post-1126","1":"product","2":"type-product","3":"status-publish","4":"has-post-thumbnail","6":"product_cat-bodegas-carmelo-rodero","7":"product_cat-vinos-y-licores","8":"product_cat-do-ribera-del-duero","10":"first","11":"outofstock","12":"shipping-taxable","13":"product-type-simple"},"yoast_head":"<!-- This site is optimized with the Yoast SEO plugin v23.3 - https:\/\/yoast.com\/wordpress\/plugins\/seo\/ -->\n<title>Carmelo Rodero Tinto Joven - Consigel<\/title>\n<meta name=\"robots\" content=\"index, follow, max-snippet:-1, max-image-preview:large, max-video-preview:-1\" \/>\n<link rel=\"canonical\" href=\"https:\/\/www.consigel.com\/ca\/producte\/carmelo-rodero-tinto-joven\/\" \/>\n<meta property=\"og:locale\" content=\"ca_ES\" \/>\n<meta property=\"og:type\" content=\"article\" \/>\n<meta property=\"og:title\" content=\"Carmelo Rodero Tinto Joven - Consigel\" \/>\n<meta property=\"og:description\" content=\"100% tempranillo\" \/>\n<meta property=\"og:url\" content=\"https:\/\/www.consigel.com\/ca\/producte\/carmelo-rodero-tinto-joven\/\" \/>\n<meta property=\"og:site_name\" content=\"Consigel\" \/>\n<meta property=\"og:image\" content=\"https:\/\/www.consigel.com\/wp-content\/uploads\/2013\/10\/1384-thickbox_default-Carmelo-Rodero-Tinto-Joven.jpg\" \/>\n\t<meta property=\"og:image:width\" content=\"1200\" \/>\n\t<meta property=\"og:image:height\" content=\"1200\" \/>\n\t<meta property=\"og:image:type\" content=\"image\/jpeg\" \/>\n<meta name=\"twitter:card\" content=\"summary_large_image\" \/>\n<meta name=\"twitter:label1\" content=\"Temps estimat de lectura\" \/>\n\t<meta name=\"twitter:data1\" content=\"1 minut\" \/>\n<script type=\"application\/ld+json\" class=\"yoast-schema-graph\">{\"@context\":\"https:\/\/schema.org\",\"@graph\":[{\"@type\":\"WebPage\",\"@id\":\"https:\/\/www.consigel.com\/ca\/producte\/carmelo-rodero-tinto-joven\/\",\"url\":\"https:\/\/www.consigel.com\/ca\/producte\/carmelo-rodero-tinto-joven\/\",\"name\":\"Carmelo Rodero Tinto Joven - Consigel\",\"isPartOf\":{\"@id\":\"https:\/\/www.consigel.com\/ca\/#website\"},\"primaryImageOfPage\":{\"@id\":\"https:\/\/www.consigel.com\/ca\/producte\/carmelo-rodero-tinto-joven\/#primaryimage\"},\"image\":{\"@id\":\"https:\/\/www.consigel.com\/ca\/producte\/carmelo-rodero-tinto-joven\/#primaryimage\"},\"thumbnailUrl\":\"https:\/\/www.consigel.com\/wp-content\/uploads\/2013\/10\/1384-thickbox_default-Carmelo-Rodero-Tinto-Joven.jpg\",\"datePublished\":\"2013-10-24T13:34:43+00:00\",\"dateModified\":\"2013-10-24T13:34:43+00:00\",\"breadcrumb\":{\"@id\":\"https:\/\/www.consigel.com\/ca\/producte\/carmelo-rodero-tinto-joven\/#breadcrumb\"},\"inLanguage\":\"ca\",\"potentialAction\":[{\"@type\":\"ReadAction\",\"target\":[\"https:\/\/www.consigel.com\/ca\/producte\/carmelo-rodero-tinto-joven\/\"]}]},{\"@type\":\"ImageObject\",\"inLanguage\":\"ca\",\"@id\":\"https:\/\/www.consigel.com\/ca\/producte\/carmelo-rodero-tinto-joven\/#primaryimage\",\"url\":\"https:\/\/www.consigel.com\/wp-content\/uploads\/2013\/10\/1384-thickbox_default-Carmelo-Rodero-Tinto-Joven.jpg\",\"contentUrl\":\"https:\/\/www.consigel.com\/wp-content\/uploads\/2013\/10\/1384-thickbox_default-Carmelo-Rodero-Tinto-Joven.jpg\",\"width\":1200,\"height\":1200,\"caption\":\"Carmelo Rodero Tinto Joven\"},{\"@type\":\"BreadcrumbList\",\"@id\":\"https:\/\/www.consigel.com\/ca\/producte\/carmelo-rodero-tinto-joven\/#breadcrumb\",\"itemListElement\":[{\"@type\":\"ListItem\",\"position\":1,\"name\":\"Portada\",\"item\":\"https:\/\/www.consigel.com\/ca\/\"},{\"@type\":\"ListItem\",\"position\":2,\"name\":\"Shop\",\"item\":\"https:\/\/www.consigel.com\/ca\/shop\/\"},{\"@type\":\"ListItem\",\"position\":3,\"name\":\"Carmelo Rodero Tinto Joven\"}]},{\"@type\":\"WebSite\",\"@id\":\"https:\/\/www.consigel.com\/ca\/#website\",\"url\":\"https:\/\/www.consigel.com\/ca\/\",\"name\":\"Consigel\",\"description\":\"\",\"potentialAction\":[{\"@type\":\"SearchAction\",\"target\":{\"@type\":\"EntryPoint\",\"urlTemplate\":\"https:\/\/www.consigel.com\/ca\/?s={search_term_string}\"},\"query-input\":\"required name=search_term_string\"}],\"inLanguage\":\"ca\"}]}<\/script>\n<!-- \/ Yoast SEO plugin. -->","yoast_head_json":{"title":"Carmelo Rodero Tinto Joven - Consigel","robots":{"index":"index","follow":"follow","max-snippet":"max-snippet:-1","max-image-preview":"max-image-preview:large","max-video-preview":"max-video-preview:-1"},"canonical":"https:\/\/www.consigel.com\/ca\/producte\/carmelo-rodero-tinto-joven\/","og_locale":"ca_ES","og_type":"article","og_title":"Carmelo Rodero Tinto Joven - Consigel","og_description":"100% tempranillo","og_url":"https:\/\/www.consigel.com\/ca\/producte\/carmelo-rodero-tinto-joven\/","og_site_name":"Consigel","og_image":[{"width":1200,"height":1200,"url":"https:\/\/www.consigel.com\/wp-content\/uploads\/2013\/10\/1384-thickbox_default-Carmelo-Rodero-Tinto-Joven.jpg","type":"image\/jpeg"}],"twitter_card":"summary_large_image","twitter_misc":{"Temps estimat de lectura":"1 minut"},"schema":{"@context":"https:\/\/schema.org","@graph":[{"@type":"WebPage","@id":"https:\/\/www.consigel.com\/ca\/producte\/carmelo-rodero-tinto-joven\/","url":"https:\/\/www.consigel.com\/ca\/producte\/carmelo-rodero-tinto-joven\/","name":"Carmelo Rodero Tinto Joven - Consigel","isPartOf":{"@id":"https:\/\/www.consigel.com\/ca\/#website"},"primaryImageOfPage":{"@id":"https:\/\/www.consigel.com\/ca\/producte\/carmelo-rodero-tinto-joven\/#primaryimage"},"image":{"@id":"https:\/\/www.consigel.com\/ca\/producte\/carmelo-rodero-tinto-joven\/#primaryimage"},"thumbnailUrl":"https:\/\/www.consigel.com\/wp-content\/uploads\/2013\/10\/1384-thickbox_default-Carmelo-Rodero-Tinto-Joven.jpg","datePublished":"2013-10-24T13:34:43+00:00","dateModified":"2013-10-24T13:34:43+00:00","breadcrumb":{"@id":"https:\/\/www.consigel.com\/ca\/producte\/carmelo-rodero-tinto-joven\/#breadcrumb"},"inLanguage":"ca","potentialAction":[{"@type":"ReadAction","target":["https:\/\/www.consigel.com\/ca\/producte\/carmelo-rodero-tinto-joven\/"]}]},{"@type":"ImageObject","inLanguage":"ca","@id":"https:\/\/www.consigel.com\/ca\/producte\/carmelo-rodero-tinto-joven\/#primaryimage","url":"https:\/\/www.consigel.com\/wp-content\/uploads\/2013\/10\/1384-thickbox_default-Carmelo-Rodero-Tinto-Joven.jpg","contentUrl":"https:\/\/www.consigel.com\/wp-content\/uploads\/2013\/10\/1384-thickbox_default-Carmelo-Rodero-Tinto-Joven.jpg","width":1200,"height":1200,"caption":"Carmelo Rodero Tinto Joven"},{"@type":"BreadcrumbList","@id":"https:\/\/www.consigel.com\/ca\/producte\/carmelo-rodero-tinto-joven\/#breadcrumb","itemListElement":[{"@type":"ListItem","position":1,"name":"Portada","item":"https:\/\/www.consigel.com\/ca\/"},{"@type":"ListItem","position":2,"name":"Shop","item":"https:\/\/www.consigel.com\/ca\/shop\/"},{"@type":"ListItem","position":3,"name":"Carmelo Rodero Tinto Joven"}]},{"@type":"WebSite","@id":"https:\/\/www.consigel.com\/ca\/#website","url":"https:\/\/www.consigel.com\/ca\/","name":"Consigel","description":"","potentialAction":[{"@type":"SearchAction","target":{"@type":"EntryPoint","urlTemplate":"https:\/\/www.consigel.com\/ca\/?s={search_term_string}"},"query-input":"required name=search_term_string"}],"inLanguage":"ca"}]}},"_links":{"self":[{"href":"https:\/\/www.consigel.com\/ca\/wp-json\/wp\/v2\/product\/1126","targetHints":{"allow":["GET"]}}],"collection":[{"href":"https:\/\/www.consigel.com\/ca\/wp-json\/wp\/v2\/product"}],"about":[{"href":"https:\/\/www.consigel.com\/ca\/wp-json\/wp\/v2\/types\/product"}],"replies":[{"embeddable":true,"href":"https:\/\/www.consigel.com\/ca\/wp-json\/wp\/v2\/comments?post=1126"}],"wp:featuredmedia":[{"embeddable":true,"href":"https:\/\/www.consigel.com\/ca\/wp-json\/wp\/v2\/media\/1125"}],"wp:attachment":[{"href":"https:\/\/www.consigel.com\/ca\/wp-json\/wp\/v2\/media?parent=1126"}],"wp:term":[{"taxonomy":"product_cat","embeddable":true,"href":"https:\/\/www.consigel.com\/ca\/wp-json\/wp\/v2\/product_cat?post=1126"},{"taxonomy":"product_tag","embeddable":true,"href":"https:\/\/www.consigel.com\/ca\/wp-json\/wp\/v2\/product_tag?post=1126"}],"curies":[{"name":"wp","href":"https:\/\/api.w.org\/{rel}","templated":true}]}}