{"id":1074,"date":"2013-10-23T21:53:52","date_gmt":"2013-10-23T21:53:52","guid":{"rendered":"http:\/\/www.consigel.com\/product\/variado-de-setas-tre-cime\/"},"modified":"2013-10-23T21:53:52","modified_gmt":"2013-10-23T21:53:52","slug":"variado-de-setas-tre-cime","status":"publish","type":"product","link":"https:\/\/www.consigel.com\/ca\/producte\/variado-de-setas-tre-cime\/","title":{"rendered":"Funghi misti trifolati 1 kg."},"content":{"rendered":"<p>Producto vers\u00e1til, \u00a0con la presencia de siete tipos de seta, listo para cualquier ocasi\u00f3n y rico en sabor y perfume. La relaci\u00f3n calidad precio es indudablemente muy ventajosa y la calidad y tipolog\u00eda de las setas garantiza resultados m\u00e1s que positivos. Ideal para variar recetas y crear men\u00fas contando con la calidad y la funcionalidad de empleo inmediato evitando por tanto el largo proceso de elaboraci\u00f3n necesario en las setas frescas;\u00a0 a eso se suma la impagable posibilidad de contar con producto durante todo el a\u00f1o.<\/p>\n<p>Indicado como condimento para primeros, para acompa\u00f1ar segundos platos. Ideal adem\u00e1s como relleno para tartas saladas o como ingrediente en pizzas, bocadillos y <em>bruschette<\/em>.<\/p>\n<p>Ingredientes<\/p>\n<p>Aceite de girasol, Ajo, Aromas, cebolla, Funghi Castagnoli (Stropharia rugosoannulata), Funghi di Muschio (Volvaria volvacea), Funghi Famigliola Gialla (Pholiota mutabilis), Gallinacci (Cantharellus cibarius), Pimientos, Porcini (Boletus edulis), Sal, Sanguignoli (Lactarius deliciosus), setas secas, Shii-Take (Lentinus edodes) en proporciones variables.<\/p>\n<p>Formato<\/p>\n<p>Caja de 6 unidades<\/p>\n","protected":false},"excerpt":{"rendered":"<p>Producto vers\u00e1til, \u00a0con la presencia de siete tipos de seta, listo para cualquier ocasi\u00f3n y rico en sabor y perfume. La relaci\u00f3n calidad precio es indudablemente muy ventajosa y la calidad y tipolog\u00eda de las setas garantiza resultados m\u00e1s que positivos. Ideal para variar recetas y crear men\u00fas contando con la calidad y la funcionalidad [&#8230;]\n","protected":false},"featured_media":1072,"comment_status":"open","ping_status":"closed","template":"","meta":[],"product_cat":[18,48,55],"product_tag":[],"class_list":{"0":"post-1074","1":"product","2":"type-product","3":"status-publish","4":"has-post-thumbnail","6":"product_cat-gastronomia","7":"product_cat-guarnicions","8":"product_cat-bolets-trufes","10":"first","11":"outofstock","12":"shipping-taxable","13":"product-type-simple"},"yoast_head":"<!-- This site is optimized with the Yoast SEO plugin v23.3 - https:\/\/yoast.com\/wordpress\/plugins\/seo\/ -->\n<title>Funghi misti trifolati 1 kg. - Consigel<\/title>\n<meta name=\"robots\" content=\"index, follow, max-snippet:-1, max-image-preview:large, max-video-preview:-1\" \/>\n<link rel=\"canonical\" href=\"https:\/\/www.consigel.com\/ca\/producte\/variado-de-setas-tre-cime\/\" \/>\n<meta property=\"og:locale\" content=\"ca_ES\" \/>\n<meta property=\"og:type\" content=\"article\" \/>\n<meta property=\"og:title\" content=\"Funghi misti trifolati 1 kg. - Consigel\" \/>\n<meta property=\"og:description\" content=\"Producto vers\u00e1til, \u00a0con la presencia de siete tipos de seta, listo para cualquier ocasi\u00f3n y rico en sabor y perfume. La relaci\u00f3n calidad precio es indudablemente muy ventajosa y la calidad y tipolog\u00eda de las setas garantiza resultados m\u00e1s que positivos. Ideal para variar recetas y crear men\u00fas contando con la calidad y la funcionalidad [...]\" \/>\n<meta property=\"og:url\" content=\"https:\/\/www.consigel.com\/ca\/producte\/variado-de-setas-tre-cime\/\" \/>\n<meta property=\"og:site_name\" content=\"Consigel\" \/>\n<meta property=\"og:image\" content=\"https:\/\/www.consigel.com\/wp-content\/uploads\/2013\/10\/2125-thickbox_default-Funghi-misti-trifolati-1-kg.jpg\" \/>\n\t<meta property=\"og:image:width\" content=\"1200\" \/>\n\t<meta property=\"og:image:height\" content=\"1200\" \/>\n\t<meta property=\"og:image:type\" content=\"image\/jpeg\" \/>\n<meta name=\"twitter:card\" content=\"summary_large_image\" \/>\n<meta name=\"twitter:label1\" content=\"Temps estimat de lectura\" \/>\n\t<meta name=\"twitter:data1\" content=\"1 minut\" \/>\n<script type=\"application\/ld+json\" class=\"yoast-schema-graph\">{\"@context\":\"https:\/\/schema.org\",\"@graph\":[{\"@type\":\"WebPage\",\"@id\":\"https:\/\/www.consigel.com\/ca\/producte\/variado-de-setas-tre-cime\/\",\"url\":\"https:\/\/www.consigel.com\/ca\/producte\/variado-de-setas-tre-cime\/\",\"name\":\"Funghi misti trifolati 1 kg. - Consigel\",\"isPartOf\":{\"@id\":\"https:\/\/www.consigel.com\/ca\/#website\"},\"primaryImageOfPage\":{\"@id\":\"https:\/\/www.consigel.com\/ca\/producte\/variado-de-setas-tre-cime\/#primaryimage\"},\"image\":{\"@id\":\"https:\/\/www.consigel.com\/ca\/producte\/variado-de-setas-tre-cime\/#primaryimage\"},\"thumbnailUrl\":\"https:\/\/www.consigel.com\/wp-content\/uploads\/2013\/10\/2125-thickbox_default-Funghi-misti-trifolati-1-kg.jpg\",\"datePublished\":\"2013-10-23T21:53:52+00:00\",\"dateModified\":\"2013-10-23T21:53:52+00:00\",\"breadcrumb\":{\"@id\":\"https:\/\/www.consigel.com\/ca\/producte\/variado-de-setas-tre-cime\/#breadcrumb\"},\"inLanguage\":\"ca\",\"potentialAction\":[{\"@type\":\"ReadAction\",\"target\":[\"https:\/\/www.consigel.com\/ca\/producte\/variado-de-setas-tre-cime\/\"]}]},{\"@type\":\"ImageObject\",\"inLanguage\":\"ca\",\"@id\":\"https:\/\/www.consigel.com\/ca\/producte\/variado-de-setas-tre-cime\/#primaryimage\",\"url\":\"https:\/\/www.consigel.com\/wp-content\/uploads\/2013\/10\/2125-thickbox_default-Funghi-misti-trifolati-1-kg.jpg\",\"contentUrl\":\"https:\/\/www.consigel.com\/wp-content\/uploads\/2013\/10\/2125-thickbox_default-Funghi-misti-trifolati-1-kg.jpg\",\"width\":1200,\"height\":1200,\"caption\":\"Funghi misti trifolati 1 kg.\"},{\"@type\":\"BreadcrumbList\",\"@id\":\"https:\/\/www.consigel.com\/ca\/producte\/variado-de-setas-tre-cime\/#breadcrumb\",\"itemListElement\":[{\"@type\":\"ListItem\",\"position\":1,\"name\":\"Portada\",\"item\":\"https:\/\/www.consigel.com\/ca\/\"},{\"@type\":\"ListItem\",\"position\":2,\"name\":\"Shop\",\"item\":\"https:\/\/www.consigel.com\/ca\/shop\/\"},{\"@type\":\"ListItem\",\"position\":3,\"name\":\"Funghi misti trifolati 1 kg.\"}]},{\"@type\":\"WebSite\",\"@id\":\"https:\/\/www.consigel.com\/ca\/#website\",\"url\":\"https:\/\/www.consigel.com\/ca\/\",\"name\":\"Consigel\",\"description\":\"\",\"potentialAction\":[{\"@type\":\"SearchAction\",\"target\":{\"@type\":\"EntryPoint\",\"urlTemplate\":\"https:\/\/www.consigel.com\/ca\/?s={search_term_string}\"},\"query-input\":\"required name=search_term_string\"}],\"inLanguage\":\"ca\"}]}<\/script>\n<!-- \/ Yoast SEO plugin. -->","yoast_head_json":{"title":"Funghi misti trifolati 1 kg. - Consigel","robots":{"index":"index","follow":"follow","max-snippet":"max-snippet:-1","max-image-preview":"max-image-preview:large","max-video-preview":"max-video-preview:-1"},"canonical":"https:\/\/www.consigel.com\/ca\/producte\/variado-de-setas-tre-cime\/","og_locale":"ca_ES","og_type":"article","og_title":"Funghi misti trifolati 1 kg. - Consigel","og_description":"Producto vers\u00e1til, \u00a0con la presencia de siete tipos de seta, listo para cualquier ocasi\u00f3n y rico en sabor y perfume. La relaci\u00f3n calidad precio es indudablemente muy ventajosa y la calidad y tipolog\u00eda de las setas garantiza resultados m\u00e1s que positivos. Ideal para variar recetas y crear men\u00fas contando con la calidad y la funcionalidad [...]","og_url":"https:\/\/www.consigel.com\/ca\/producte\/variado-de-setas-tre-cime\/","og_site_name":"Consigel","og_image":[{"width":1200,"height":1200,"url":"https:\/\/www.consigel.com\/wp-content\/uploads\/2013\/10\/2125-thickbox_default-Funghi-misti-trifolati-1-kg.jpg","type":"image\/jpeg"}],"twitter_card":"summary_large_image","twitter_misc":{"Temps estimat de lectura":"1 minut"},"schema":{"@context":"https:\/\/schema.org","@graph":[{"@type":"WebPage","@id":"https:\/\/www.consigel.com\/ca\/producte\/variado-de-setas-tre-cime\/","url":"https:\/\/www.consigel.com\/ca\/producte\/variado-de-setas-tre-cime\/","name":"Funghi misti trifolati 1 kg. - Consigel","isPartOf":{"@id":"https:\/\/www.consigel.com\/ca\/#website"},"primaryImageOfPage":{"@id":"https:\/\/www.consigel.com\/ca\/producte\/variado-de-setas-tre-cime\/#primaryimage"},"image":{"@id":"https:\/\/www.consigel.com\/ca\/producte\/variado-de-setas-tre-cime\/#primaryimage"},"thumbnailUrl":"https:\/\/www.consigel.com\/wp-content\/uploads\/2013\/10\/2125-thickbox_default-Funghi-misti-trifolati-1-kg.jpg","datePublished":"2013-10-23T21:53:52+00:00","dateModified":"2013-10-23T21:53:52+00:00","breadcrumb":{"@id":"https:\/\/www.consigel.com\/ca\/producte\/variado-de-setas-tre-cime\/#breadcrumb"},"inLanguage":"ca","potentialAction":[{"@type":"ReadAction","target":["https:\/\/www.consigel.com\/ca\/producte\/variado-de-setas-tre-cime\/"]}]},{"@type":"ImageObject","inLanguage":"ca","@id":"https:\/\/www.consigel.com\/ca\/producte\/variado-de-setas-tre-cime\/#primaryimage","url":"https:\/\/www.consigel.com\/wp-content\/uploads\/2013\/10\/2125-thickbox_default-Funghi-misti-trifolati-1-kg.jpg","contentUrl":"https:\/\/www.consigel.com\/wp-content\/uploads\/2013\/10\/2125-thickbox_default-Funghi-misti-trifolati-1-kg.jpg","width":1200,"height":1200,"caption":"Funghi misti trifolati 1 kg."},{"@type":"BreadcrumbList","@id":"https:\/\/www.consigel.com\/ca\/producte\/variado-de-setas-tre-cime\/#breadcrumb","itemListElement":[{"@type":"ListItem","position":1,"name":"Portada","item":"https:\/\/www.consigel.com\/ca\/"},{"@type":"ListItem","position":2,"name":"Shop","item":"https:\/\/www.consigel.com\/ca\/shop\/"},{"@type":"ListItem","position":3,"name":"Funghi misti trifolati 1 kg."}]},{"@type":"WebSite","@id":"https:\/\/www.consigel.com\/ca\/#website","url":"https:\/\/www.consigel.com\/ca\/","name":"Consigel","description":"","potentialAction":[{"@type":"SearchAction","target":{"@type":"EntryPoint","urlTemplate":"https:\/\/www.consigel.com\/ca\/?s={search_term_string}"},"query-input":"required name=search_term_string"}],"inLanguage":"ca"}]}},"_links":{"self":[{"href":"https:\/\/www.consigel.com\/ca\/wp-json\/wp\/v2\/product\/1074","targetHints":{"allow":["GET"]}}],"collection":[{"href":"https:\/\/www.consigel.com\/ca\/wp-json\/wp\/v2\/product"}],"about":[{"href":"https:\/\/www.consigel.com\/ca\/wp-json\/wp\/v2\/types\/product"}],"replies":[{"embeddable":true,"href":"https:\/\/www.consigel.com\/ca\/wp-json\/wp\/v2\/comments?post=1074"}],"wp:featuredmedia":[{"embeddable":true,"href":"https:\/\/www.consigel.com\/ca\/wp-json\/wp\/v2\/media\/1072"}],"wp:attachment":[{"href":"https:\/\/www.consigel.com\/ca\/wp-json\/wp\/v2\/media?parent=1074"}],"wp:term":[{"taxonomy":"product_cat","embeddable":true,"href":"https:\/\/www.consigel.com\/ca\/wp-json\/wp\/v2\/product_cat?post=1074"},{"taxonomy":"product_tag","embeddable":true,"href":"https:\/\/www.consigel.com\/ca\/wp-json\/wp\/v2\/product_tag?post=1074"}],"curies":[{"name":"wp","href":"https:\/\/api.w.org\/{rel}","templated":true}]}}