{"id":1066,"date":"2013-10-23T21:43:07","date_gmt":"2013-10-23T21:43:07","guid":{"rendered":"http:\/\/www.consigel.com\/product\/crema-4-quesos\/"},"modified":"2013-10-23T21:43:07","modified_gmt":"2013-10-23T21:43:07","slug":"crema-4-quesos","status":"publish","type":"product","link":"https:\/\/www.consigel.com\/ca\/producte\/crema-4-quesos\/","title":{"rendered":"Crema 4 quesos Ginos 500 gr."},"content":{"rendered":"<p>Grancrema de quesos con adem\u00e1s el Gorgonzola que hace que el producto sea m\u00e1s sabroso. La alta calidad de los quesos utilizados, la equilibrada receptaci\u00f3n y el delicado e innovador proceso de elaboraci\u00f3n confieren al producto un sabor pleno y una cremosidad ideal para los usos de cocina y pizzer\u00eda. Ideal para variar las propuestas del men\u00fa tradicional con un bajo coste, teniendo en cuenta el alto rendimiento del producto y para gestionar las emergencias en la cocina.<\/p>\n<p>ingredientes<\/p>\n<p>Fontal, Emmenthal Bavarese, Grana Padano, Maasdammer, Gorgonzola, mantequilla.<\/p>\n<p>Caja de 6 unidades\u00a0<\/p>\n","protected":false},"excerpt":{"rendered":"<p>Grancrema de quesos con adem\u00e1s el Gorgonzola que hace que el producto sea m\u00e1s sabroso. La alta calidad de los quesos utilizados, la equilibrada receptaci\u00f3n y el delicado e innovador proceso de elaboraci\u00f3n confieren al producto un sabor pleno y una cremosidad ideal para los usos de cocina y pizzer\u00eda. Ideal para variar las propuestas [&#8230;]\n","protected":false},"featured_media":1065,"comment_status":"open","ping_status":"closed","template":"","meta":[],"product_cat":[39,48,130],"product_tag":[],"class_list":{"0":"post-1066","1":"product","2":"type-product","3":"status-publish","4":"has-post-thumbnail","6":"product_cat-formatges","7":"product_cat-guarnicions","8":"product_cat-congelats","10":"first","11":"outofstock","12":"shipping-taxable","13":"product-type-simple"},"yoast_head":"<!-- This site is optimized with the Yoast SEO plugin v23.3 - https:\/\/yoast.com\/wordpress\/plugins\/seo\/ -->\n<title>Crema 4 quesos Ginos 500 gr. - Consigel<\/title>\n<meta name=\"robots\" content=\"index, follow, max-snippet:-1, max-image-preview:large, max-video-preview:-1\" \/>\n<link rel=\"canonical\" href=\"https:\/\/www.consigel.com\/ca\/producte\/crema-4-quesos\/\" \/>\n<meta property=\"og:locale\" content=\"ca_ES\" \/>\n<meta property=\"og:type\" content=\"article\" \/>\n<meta property=\"og:title\" content=\"Crema 4 quesos Ginos 500 gr. - Consigel\" \/>\n<meta property=\"og:description\" content=\"Grancrema de quesos con adem\u00e1s el Gorgonzola que hace que el producto sea m\u00e1s sabroso. La alta calidad de los quesos utilizados, la equilibrada receptaci\u00f3n y el delicado e innovador proceso de elaboraci\u00f3n confieren al producto un sabor pleno y una cremosidad ideal para los usos de cocina y pizzer\u00eda. Ideal para variar las propuestas [...]\" \/>\n<meta property=\"og:url\" content=\"https:\/\/www.consigel.com\/ca\/producte\/crema-4-quesos\/\" \/>\n<meta property=\"og:site_name\" content=\"Consigel\" \/>\n<meta property=\"og:image\" content=\"https:\/\/www.consigel.com\/wp-content\/uploads\/2013\/10\/2239-thickbox_default-Crema-4-quesos-Ginos-500-gr.jpg\" \/>\n\t<meta property=\"og:image:width\" content=\"1200\" \/>\n\t<meta property=\"og:image:height\" content=\"1200\" \/>\n\t<meta property=\"og:image:type\" content=\"image\/jpeg\" \/>\n<meta name=\"twitter:card\" content=\"summary_large_image\" \/>\n<script type=\"application\/ld+json\" class=\"yoast-schema-graph\">{\"@context\":\"https:\/\/schema.org\",\"@graph\":[{\"@type\":\"WebPage\",\"@id\":\"https:\/\/www.consigel.com\/ca\/producte\/crema-4-quesos\/\",\"url\":\"https:\/\/www.consigel.com\/ca\/producte\/crema-4-quesos\/\",\"name\":\"Crema 4 quesos Ginos 500 gr. - Consigel\",\"isPartOf\":{\"@id\":\"https:\/\/www.consigel.com\/ca\/#website\"},\"primaryImageOfPage\":{\"@id\":\"https:\/\/www.consigel.com\/ca\/producte\/crema-4-quesos\/#primaryimage\"},\"image\":{\"@id\":\"https:\/\/www.consigel.com\/ca\/producte\/crema-4-quesos\/#primaryimage\"},\"thumbnailUrl\":\"https:\/\/www.consigel.com\/wp-content\/uploads\/2013\/10\/2239-thickbox_default-Crema-4-quesos-Ginos-500-gr.jpg\",\"datePublished\":\"2013-10-23T21:43:07+00:00\",\"dateModified\":\"2013-10-23T21:43:07+00:00\",\"breadcrumb\":{\"@id\":\"https:\/\/www.consigel.com\/ca\/producte\/crema-4-quesos\/#breadcrumb\"},\"inLanguage\":\"ca\",\"potentialAction\":[{\"@type\":\"ReadAction\",\"target\":[\"https:\/\/www.consigel.com\/ca\/producte\/crema-4-quesos\/\"]}]},{\"@type\":\"ImageObject\",\"inLanguage\":\"ca\",\"@id\":\"https:\/\/www.consigel.com\/ca\/producte\/crema-4-quesos\/#primaryimage\",\"url\":\"https:\/\/www.consigel.com\/wp-content\/uploads\/2013\/10\/2239-thickbox_default-Crema-4-quesos-Ginos-500-gr.jpg\",\"contentUrl\":\"https:\/\/www.consigel.com\/wp-content\/uploads\/2013\/10\/2239-thickbox_default-Crema-4-quesos-Ginos-500-gr.jpg\",\"width\":1200,\"height\":1200,\"caption\":\"Crema 4 quesos Ginos 500 gr.\"},{\"@type\":\"BreadcrumbList\",\"@id\":\"https:\/\/www.consigel.com\/ca\/producte\/crema-4-quesos\/#breadcrumb\",\"itemListElement\":[{\"@type\":\"ListItem\",\"position\":1,\"name\":\"Portada\",\"item\":\"https:\/\/www.consigel.com\/ca\/\"},{\"@type\":\"ListItem\",\"position\":2,\"name\":\"Shop\",\"item\":\"https:\/\/www.consigel.com\/ca\/shop\/\"},{\"@type\":\"ListItem\",\"position\":3,\"name\":\"Crema 4 quesos Ginos 500 gr.\"}]},{\"@type\":\"WebSite\",\"@id\":\"https:\/\/www.consigel.com\/ca\/#website\",\"url\":\"https:\/\/www.consigel.com\/ca\/\",\"name\":\"Consigel\",\"description\":\"\",\"potentialAction\":[{\"@type\":\"SearchAction\",\"target\":{\"@type\":\"EntryPoint\",\"urlTemplate\":\"https:\/\/www.consigel.com\/ca\/?s={search_term_string}\"},\"query-input\":\"required name=search_term_string\"}],\"inLanguage\":\"ca\"}]}<\/script>\n<!-- \/ Yoast SEO plugin. -->","yoast_head_json":{"title":"Crema 4 quesos Ginos 500 gr. - Consigel","robots":{"index":"index","follow":"follow","max-snippet":"max-snippet:-1","max-image-preview":"max-image-preview:large","max-video-preview":"max-video-preview:-1"},"canonical":"https:\/\/www.consigel.com\/ca\/producte\/crema-4-quesos\/","og_locale":"ca_ES","og_type":"article","og_title":"Crema 4 quesos Ginos 500 gr. - Consigel","og_description":"Grancrema de quesos con adem\u00e1s el Gorgonzola que hace que el producto sea m\u00e1s sabroso. La alta calidad de los quesos utilizados, la equilibrada receptaci\u00f3n y el delicado e innovador proceso de elaboraci\u00f3n confieren al producto un sabor pleno y una cremosidad ideal para los usos de cocina y pizzer\u00eda. Ideal para variar las propuestas [...]","og_url":"https:\/\/www.consigel.com\/ca\/producte\/crema-4-quesos\/","og_site_name":"Consigel","og_image":[{"width":1200,"height":1200,"url":"https:\/\/www.consigel.com\/wp-content\/uploads\/2013\/10\/2239-thickbox_default-Crema-4-quesos-Ginos-500-gr.jpg","type":"image\/jpeg"}],"twitter_card":"summary_large_image","schema":{"@context":"https:\/\/schema.org","@graph":[{"@type":"WebPage","@id":"https:\/\/www.consigel.com\/ca\/producte\/crema-4-quesos\/","url":"https:\/\/www.consigel.com\/ca\/producte\/crema-4-quesos\/","name":"Crema 4 quesos Ginos 500 gr. - Consigel","isPartOf":{"@id":"https:\/\/www.consigel.com\/ca\/#website"},"primaryImageOfPage":{"@id":"https:\/\/www.consigel.com\/ca\/producte\/crema-4-quesos\/#primaryimage"},"image":{"@id":"https:\/\/www.consigel.com\/ca\/producte\/crema-4-quesos\/#primaryimage"},"thumbnailUrl":"https:\/\/www.consigel.com\/wp-content\/uploads\/2013\/10\/2239-thickbox_default-Crema-4-quesos-Ginos-500-gr.jpg","datePublished":"2013-10-23T21:43:07+00:00","dateModified":"2013-10-23T21:43:07+00:00","breadcrumb":{"@id":"https:\/\/www.consigel.com\/ca\/producte\/crema-4-quesos\/#breadcrumb"},"inLanguage":"ca","potentialAction":[{"@type":"ReadAction","target":["https:\/\/www.consigel.com\/ca\/producte\/crema-4-quesos\/"]}]},{"@type":"ImageObject","inLanguage":"ca","@id":"https:\/\/www.consigel.com\/ca\/producte\/crema-4-quesos\/#primaryimage","url":"https:\/\/www.consigel.com\/wp-content\/uploads\/2013\/10\/2239-thickbox_default-Crema-4-quesos-Ginos-500-gr.jpg","contentUrl":"https:\/\/www.consigel.com\/wp-content\/uploads\/2013\/10\/2239-thickbox_default-Crema-4-quesos-Ginos-500-gr.jpg","width":1200,"height":1200,"caption":"Crema 4 quesos Ginos 500 gr."},{"@type":"BreadcrumbList","@id":"https:\/\/www.consigel.com\/ca\/producte\/crema-4-quesos\/#breadcrumb","itemListElement":[{"@type":"ListItem","position":1,"name":"Portada","item":"https:\/\/www.consigel.com\/ca\/"},{"@type":"ListItem","position":2,"name":"Shop","item":"https:\/\/www.consigel.com\/ca\/shop\/"},{"@type":"ListItem","position":3,"name":"Crema 4 quesos Ginos 500 gr."}]},{"@type":"WebSite","@id":"https:\/\/www.consigel.com\/ca\/#website","url":"https:\/\/www.consigel.com\/ca\/","name":"Consigel","description":"","potentialAction":[{"@type":"SearchAction","target":{"@type":"EntryPoint","urlTemplate":"https:\/\/www.consigel.com\/ca\/?s={search_term_string}"},"query-input":"required name=search_term_string"}],"inLanguage":"ca"}]}},"_links":{"self":[{"href":"https:\/\/www.consigel.com\/ca\/wp-json\/wp\/v2\/product\/1066","targetHints":{"allow":["GET"]}}],"collection":[{"href":"https:\/\/www.consigel.com\/ca\/wp-json\/wp\/v2\/product"}],"about":[{"href":"https:\/\/www.consigel.com\/ca\/wp-json\/wp\/v2\/types\/product"}],"replies":[{"embeddable":true,"href":"https:\/\/www.consigel.com\/ca\/wp-json\/wp\/v2\/comments?post=1066"}],"wp:featuredmedia":[{"embeddable":true,"href":"https:\/\/www.consigel.com\/ca\/wp-json\/wp\/v2\/media\/1065"}],"wp:attachment":[{"href":"https:\/\/www.consigel.com\/ca\/wp-json\/wp\/v2\/media?parent=1066"}],"wp:term":[{"taxonomy":"product_cat","embeddable":true,"href":"https:\/\/www.consigel.com\/ca\/wp-json\/wp\/v2\/product_cat?post=1066"},{"taxonomy":"product_tag","embeddable":true,"href":"https:\/\/www.consigel.com\/ca\/wp-json\/wp\/v2\/product_tag?post=1066"}],"curies":[{"name":"wp","href":"https:\/\/api.w.org\/{rel}","templated":true}]}}