{"id":1044,"date":"2013-10-23T21:30:26","date_gmt":"2013-10-23T21:30:26","guid":{"rendered":"http:\/\/www.consigel.com\/product\/tomate-secado-al-sol\/"},"modified":"2013-10-23T21:30:26","modified_gmt":"2013-10-23T21:30:26","slug":"tomate-secado-al-sol","status":"publish","type":"product","link":"https:\/\/www.consigel.com\/ca\/producte\/tomate-secado-al-sol\/","title":{"rendered":"Tomate secado al sol 1 kg."},"content":{"rendered":"<p>El tomate seco representa desde siempre uno de los elementos de mayor \u00e9xito en la preparaci\u00f3n de entrantes o acompa\u00f1amientos. Su cualidad consiste en el sabor delicado pero al mismo tiempo intenso y rico en fragancias mediterr\u00e1neas, y por lo tanto f\u00e1cilmente adaptable a muchas preparaciones. Producto vers\u00e1til, no \u00e1cido, apto tambi\u00e9n para ser empleado en caliente en cocina. Es interesante saber que de 100 kg. de tomate fresco se consiguen 7\/8 kg. de pomodori secchi.<\/p>\n<p>Se presta a los usos m\u00e1s variados:\u00a0 ideales como entrante, acompa\u00f1amiento,\u00a0 como tentempi\u00e9 o tapa, acompa\u00f1ados con vino. \u00d3ptimos tambi\u00e9n picados, para la preparaci\u00f3n de zumos o salsas:\u00a0 por ejemplo, a\u00f1adido al pesto a la genovesa para obtener el \u201dpesto rojo\u201d.<\/p>\n<p>Ingredientes :<\/p>\n<p>Aceite de semillas de girasol, Agua, Ajo, Alcaparras, Aromas, Az\u00facar, Especias, Laurel, Plantas arom\u00e1ticas, Tomate deshidratado, Vino blanco<\/p>\n<p>Formato<\/p>\n<p>Unidades por lata, 33\/40<\/p>\n<p>Caja de 6 unidades<\/p>\n<p><img loading=\"lazy\" decoding=\"async\" class=\" size-full wp-image-650\" style=\"width: 102px; height: 91px;\" src=\"http:\/\/www.consigel.com\/wp-content\/uploads\/2013\/10\/asin-gluten.jpg\" alt=\"\" width=\"226\" height=\"223\" srcset=\"https:\/\/www.consigel.com\/wp-content\/uploads\/2013\/10\/asin-gluten.jpg 226w, https:\/\/www.consigel.com\/wp-content\/uploads\/2013\/10\/asin-gluten-100x100.jpg 100w\" sizes=\"auto, (max-width: 226px) 100vw, 226px\" \/><\/p>\n","protected":false},"excerpt":{"rendered":"<p>El tomate seco representa desde siempre uno de los elementos de mayor \u00e9xito en la preparaci\u00f3n de entrantes o acompa\u00f1amientos. Su cualidad consiste en el sabor delicado pero al mismo tiempo intenso y rico en fragancias mediterr\u00e1neas, y por lo tanto f\u00e1cilmente adaptable a muchas preparaciones. Producto vers\u00e1til, no \u00e1cido, apto tambi\u00e9n para ser empleado [&#8230;]\n","protected":false},"featured_media":1042,"comment_status":"open","ping_status":"closed","template":"","meta":[],"product_cat":[34,48],"product_tag":[],"class_list":{"0":"post-1044","1":"product","2":"type-product","3":"status-publish","4":"has-post-thumbnail","6":"product_cat-aperitius","7":"product_cat-guarnicions","9":"first","10":"outofstock","11":"shipping-taxable","12":"product-type-simple"},"yoast_head":"<!-- This site is optimized with the Yoast SEO plugin v23.3 - https:\/\/yoast.com\/wordpress\/plugins\/seo\/ -->\n<title>Tomate secado al sol 1 kg. - Consigel<\/title>\n<meta name=\"robots\" content=\"index, follow, max-snippet:-1, max-image-preview:large, max-video-preview:-1\" \/>\n<link rel=\"canonical\" href=\"https:\/\/www.consigel.com\/ca\/producte\/tomate-secado-al-sol\/\" \/>\n<meta property=\"og:locale\" content=\"ca_ES\" \/>\n<meta property=\"og:type\" content=\"article\" \/>\n<meta property=\"og:title\" content=\"Tomate secado al sol 1 kg. - Consigel\" \/>\n<meta property=\"og:description\" content=\"El tomate seco representa desde siempre uno de los elementos de mayor \u00e9xito en la preparaci\u00f3n de entrantes o acompa\u00f1amientos. Su cualidad consiste en el sabor delicado pero al mismo tiempo intenso y rico en fragancias mediterr\u00e1neas, y por lo tanto f\u00e1cilmente adaptable a muchas preparaciones. Producto vers\u00e1til, no \u00e1cido, apto tambi\u00e9n para ser empleado [...]\" \/>\n<meta property=\"og:url\" content=\"https:\/\/www.consigel.com\/ca\/producte\/tomate-secado-al-sol\/\" \/>\n<meta property=\"og:site_name\" content=\"Consigel\" \/>\n<meta property=\"og:image\" content=\"https:\/\/www.consigel.com\/wp-content\/uploads\/2013\/10\/2118-thickbox_default-Tomate-secado-al-sol-1-kg.jpg\" \/>\n\t<meta property=\"og:image:width\" content=\"1200\" \/>\n\t<meta property=\"og:image:height\" content=\"1200\" \/>\n\t<meta property=\"og:image:type\" content=\"image\/jpeg\" \/>\n<meta name=\"twitter:card\" content=\"summary_large_image\" \/>\n<meta name=\"twitter:label1\" content=\"Temps estimat de lectura\" \/>\n\t<meta name=\"twitter:data1\" content=\"1 minut\" \/>\n<script type=\"application\/ld+json\" class=\"yoast-schema-graph\">{\"@context\":\"https:\/\/schema.org\",\"@graph\":[{\"@type\":\"WebPage\",\"@id\":\"https:\/\/www.consigel.com\/ca\/producte\/tomate-secado-al-sol\/\",\"url\":\"https:\/\/www.consigel.com\/ca\/producte\/tomate-secado-al-sol\/\",\"name\":\"Tomate secado al sol 1 kg. - Consigel\",\"isPartOf\":{\"@id\":\"https:\/\/www.consigel.com\/ca\/#website\"},\"primaryImageOfPage\":{\"@id\":\"https:\/\/www.consigel.com\/ca\/producte\/tomate-secado-al-sol\/#primaryimage\"},\"image\":{\"@id\":\"https:\/\/www.consigel.com\/ca\/producte\/tomate-secado-al-sol\/#primaryimage\"},\"thumbnailUrl\":\"https:\/\/www.consigel.com\/wp-content\/uploads\/2013\/10\/2118-thickbox_default-Tomate-secado-al-sol-1-kg.jpg\",\"datePublished\":\"2013-10-23T21:30:26+00:00\",\"dateModified\":\"2013-10-23T21:30:26+00:00\",\"breadcrumb\":{\"@id\":\"https:\/\/www.consigel.com\/ca\/producte\/tomate-secado-al-sol\/#breadcrumb\"},\"inLanguage\":\"ca\",\"potentialAction\":[{\"@type\":\"ReadAction\",\"target\":[\"https:\/\/www.consigel.com\/ca\/producte\/tomate-secado-al-sol\/\"]}]},{\"@type\":\"ImageObject\",\"inLanguage\":\"ca\",\"@id\":\"https:\/\/www.consigel.com\/ca\/producte\/tomate-secado-al-sol\/#primaryimage\",\"url\":\"https:\/\/www.consigel.com\/wp-content\/uploads\/2013\/10\/2118-thickbox_default-Tomate-secado-al-sol-1-kg.jpg\",\"contentUrl\":\"https:\/\/www.consigel.com\/wp-content\/uploads\/2013\/10\/2118-thickbox_default-Tomate-secado-al-sol-1-kg.jpg\",\"width\":1200,\"height\":1200,\"caption\":\"Tomate secado al sol 1 kg.\"},{\"@type\":\"BreadcrumbList\",\"@id\":\"https:\/\/www.consigel.com\/ca\/producte\/tomate-secado-al-sol\/#breadcrumb\",\"itemListElement\":[{\"@type\":\"ListItem\",\"position\":1,\"name\":\"Portada\",\"item\":\"https:\/\/www.consigel.com\/ca\/\"},{\"@type\":\"ListItem\",\"position\":2,\"name\":\"Shop\",\"item\":\"https:\/\/www.consigel.com\/ca\/shop\/\"},{\"@type\":\"ListItem\",\"position\":3,\"name\":\"Tomate secado al sol 1 kg.\"}]},{\"@type\":\"WebSite\",\"@id\":\"https:\/\/www.consigel.com\/ca\/#website\",\"url\":\"https:\/\/www.consigel.com\/ca\/\",\"name\":\"Consigel\",\"description\":\"\",\"potentialAction\":[{\"@type\":\"SearchAction\",\"target\":{\"@type\":\"EntryPoint\",\"urlTemplate\":\"https:\/\/www.consigel.com\/ca\/?s={search_term_string}\"},\"query-input\":\"required name=search_term_string\"}],\"inLanguage\":\"ca\"}]}<\/script>\n<!-- \/ Yoast SEO plugin. -->","yoast_head_json":{"title":"Tomate secado al sol 1 kg. - Consigel","robots":{"index":"index","follow":"follow","max-snippet":"max-snippet:-1","max-image-preview":"max-image-preview:large","max-video-preview":"max-video-preview:-1"},"canonical":"https:\/\/www.consigel.com\/ca\/producte\/tomate-secado-al-sol\/","og_locale":"ca_ES","og_type":"article","og_title":"Tomate secado al sol 1 kg. - Consigel","og_description":"El tomate seco representa desde siempre uno de los elementos de mayor \u00e9xito en la preparaci\u00f3n de entrantes o acompa\u00f1amientos. Su cualidad consiste en el sabor delicado pero al mismo tiempo intenso y rico en fragancias mediterr\u00e1neas, y por lo tanto f\u00e1cilmente adaptable a muchas preparaciones. Producto vers\u00e1til, no \u00e1cido, apto tambi\u00e9n para ser empleado [...]","og_url":"https:\/\/www.consigel.com\/ca\/producte\/tomate-secado-al-sol\/","og_site_name":"Consigel","og_image":[{"width":1200,"height":1200,"url":"https:\/\/www.consigel.com\/wp-content\/uploads\/2013\/10\/2118-thickbox_default-Tomate-secado-al-sol-1-kg.jpg","type":"image\/jpeg"}],"twitter_card":"summary_large_image","twitter_misc":{"Temps estimat de lectura":"1 minut"},"schema":{"@context":"https:\/\/schema.org","@graph":[{"@type":"WebPage","@id":"https:\/\/www.consigel.com\/ca\/producte\/tomate-secado-al-sol\/","url":"https:\/\/www.consigel.com\/ca\/producte\/tomate-secado-al-sol\/","name":"Tomate secado al sol 1 kg. - Consigel","isPartOf":{"@id":"https:\/\/www.consigel.com\/ca\/#website"},"primaryImageOfPage":{"@id":"https:\/\/www.consigel.com\/ca\/producte\/tomate-secado-al-sol\/#primaryimage"},"image":{"@id":"https:\/\/www.consigel.com\/ca\/producte\/tomate-secado-al-sol\/#primaryimage"},"thumbnailUrl":"https:\/\/www.consigel.com\/wp-content\/uploads\/2013\/10\/2118-thickbox_default-Tomate-secado-al-sol-1-kg.jpg","datePublished":"2013-10-23T21:30:26+00:00","dateModified":"2013-10-23T21:30:26+00:00","breadcrumb":{"@id":"https:\/\/www.consigel.com\/ca\/producte\/tomate-secado-al-sol\/#breadcrumb"},"inLanguage":"ca","potentialAction":[{"@type":"ReadAction","target":["https:\/\/www.consigel.com\/ca\/producte\/tomate-secado-al-sol\/"]}]},{"@type":"ImageObject","inLanguage":"ca","@id":"https:\/\/www.consigel.com\/ca\/producte\/tomate-secado-al-sol\/#primaryimage","url":"https:\/\/www.consigel.com\/wp-content\/uploads\/2013\/10\/2118-thickbox_default-Tomate-secado-al-sol-1-kg.jpg","contentUrl":"https:\/\/www.consigel.com\/wp-content\/uploads\/2013\/10\/2118-thickbox_default-Tomate-secado-al-sol-1-kg.jpg","width":1200,"height":1200,"caption":"Tomate secado al sol 1 kg."},{"@type":"BreadcrumbList","@id":"https:\/\/www.consigel.com\/ca\/producte\/tomate-secado-al-sol\/#breadcrumb","itemListElement":[{"@type":"ListItem","position":1,"name":"Portada","item":"https:\/\/www.consigel.com\/ca\/"},{"@type":"ListItem","position":2,"name":"Shop","item":"https:\/\/www.consigel.com\/ca\/shop\/"},{"@type":"ListItem","position":3,"name":"Tomate secado al sol 1 kg."}]},{"@type":"WebSite","@id":"https:\/\/www.consigel.com\/ca\/#website","url":"https:\/\/www.consigel.com\/ca\/","name":"Consigel","description":"","potentialAction":[{"@type":"SearchAction","target":{"@type":"EntryPoint","urlTemplate":"https:\/\/www.consigel.com\/ca\/?s={search_term_string}"},"query-input":"required name=search_term_string"}],"inLanguage":"ca"}]}},"_links":{"self":[{"href":"https:\/\/www.consigel.com\/ca\/wp-json\/wp\/v2\/product\/1044","targetHints":{"allow":["GET"]}}],"collection":[{"href":"https:\/\/www.consigel.com\/ca\/wp-json\/wp\/v2\/product"}],"about":[{"href":"https:\/\/www.consigel.com\/ca\/wp-json\/wp\/v2\/types\/product"}],"replies":[{"embeddable":true,"href":"https:\/\/www.consigel.com\/ca\/wp-json\/wp\/v2\/comments?post=1044"}],"wp:featuredmedia":[{"embeddable":true,"href":"https:\/\/www.consigel.com\/ca\/wp-json\/wp\/v2\/media\/1042"}],"wp:attachment":[{"href":"https:\/\/www.consigel.com\/ca\/wp-json\/wp\/v2\/media?parent=1044"}],"wp:term":[{"taxonomy":"product_cat","embeddable":true,"href":"https:\/\/www.consigel.com\/ca\/wp-json\/wp\/v2\/product_cat?post=1044"},{"taxonomy":"product_tag","embeddable":true,"href":"https:\/\/www.consigel.com\/ca\/wp-json\/wp\/v2\/product_tag?post=1044"}],"curies":[{"name":"wp","href":"https:\/\/api.w.org\/{rel}","templated":true}]}}