{"id":4521,"date":"2024-08-23T08:06:24","date_gmt":"2024-08-23T08:06:24","guid":{"rendered":"https:\/\/www.consigel.com\/politica-de-cookies\/"},"modified":"2024-08-23T08:10:58","modified_gmt":"2024-08-23T08:10:58","slug":"politica-de-cookies","status":"publish","type":"page","link":"https:\/\/www.consigel.com\/ca\/politica-de-cookies\/","title":{"rendered":"Pol\u00edtica de Cookies"},"content":{"rendered":"<h2>Informaci\u00f3 sobre les Cookies<\/h2>\n<p>Aquest lloc web utilitza cookies per oferir-te una millor experi\u00e8ncia de navegaci\u00f3, aix\u00ed com per obtenir estad\u00edstiques i analitzar els h\u00e0bits de navegaci\u00f3 dels usuaris.<\/p>\n<h3>Qu\u00e8 s\u00f3n les Cookies?<\/h3>\n<p>Les cookies s\u00f3n petits fitxers de text que es descarreguen al teu ordinador o dispositiu m\u00f2bil quan visites un lloc web. Permeten que el lloc web reconegui el teu dispositiu i recordi certa informaci\u00f3 sobre les teves sessions passades.<\/p>\n<h3>Tipus de Cookies que Utilitzem<\/h3>\n<ol>\n<li><strong>Cookies Necess\u00e0ries:<\/strong> Aquestes cookies s\u00f3n essencials per al funcionament del lloc web. Sense aquestes, el lloc no pot funcionar correctament.<\/li>\n<li><strong>Cookies de Rendiment:<\/strong> Recullen informaci\u00f3 sobre com els usuaris utilitzen el lloc web, com per exemple, quines p\u00e0gines s\u00f3n les m\u00e9s visitades. Aquestes dades s\u2019utilitzen per millorar el funcionament del lloc web.<\/li>\n<li><strong>Cookies de Funcionalitat:<\/strong> Permeten recordar les decisions que prens (com el teu nom d\u2019usuari, idioma o regi\u00f3) per proporcionar una experi\u00e8ncia m\u00e9s personalitzada.<\/li>\n<li><strong>Cookies de Publicitat:<\/strong> Aquestes cookies es fan servir per presentar anuncis m\u00e9s rellevants per a tu i els teus interessos. Tamb\u00e9 es poden utilitzar per limitar el nombre de vegades que veus un anunci i ajudar a mesurar l\u2019efic\u00e0cia de les campanyes publicit\u00e0ries.<\/li>\n<\/ol>\n<h3>Com Gestionar les Cookies<\/h3>\n<p>Pots configurar el teu navegador per acceptar o rebutjar cookies, aix\u00ed com per eliminar les cookies ja instal\u00b7lades. Tingues en compte que si desactives les cookies, \u00e9s possible que no puguis utilitzar totes les funcionalitats del nostre lloc web.<\/p>\n<ul>\n<li><strong>Internet Explorer:<\/strong> <a href=\"https:\/\/support.microsoft.com\/ca-es\/help\/17442\/windows-internet-explorer-delete-manage-cookies\" target=\"_new\" rel=\"noopener\">Enlla\u00e7 a les instruccions<\/a><\/li>\n<li><strong>Firefox:<\/strong> <a href=\"https:\/\/support.mozilla.org\/ca\/kb\/Galetes\" target=\"_new\" rel=\"noopener\">Enlla\u00e7 a les instruccions<\/a><\/li>\n<li><strong>Chrome:<\/strong> <a target=\"_new\" rel=\"noopener\">Enlla\u00e7 a les instruccions<\/a><\/li>\n<li><strong>Safari:<\/strong> <a href=\"https:\/\/support.apple.com\/ca-es\/guide\/safari\/sfri11471\/mac\" target=\"_new\" rel=\"noopener\">Enlla\u00e7 a les instruccions<\/a><\/li>\n<\/ul>\n<h3>Canvis en la Pol\u00edtica de Cookies<\/h3>\n<p>Ens reservem el dret de modificar aquesta Pol\u00edtica de Cookies en qualsevol moment. Qualsevol canvi ser\u00e0 publicat en aquesta p\u00e0gina i entrar\u00e0 en vigor immediatament despr\u00e9s de la seva publicaci\u00f3.<\/p>\n<h2>Contacte<\/h2>\n<p>Si tens qualsevol pregunta sobre la nostra pol\u00edtica de cookies, pots contactar amb nosaltres a trav\u00e9s de l\u2019adre\u00e7a de correu electr\u00f2nic <a rel=\"noopener\">info@example.com<\/a>.<\/p>\n","protected":false},"excerpt":{"rendered":"<p>Informaci\u00f3 sobre les Cookies Aquest lloc web utilitza cookies per oferir-te una millor experi\u00e8ncia de navegaci\u00f3, aix\u00ed com per obtenir estad\u00edstiques i analitzar els h\u00e0bits de navegaci\u00f3 dels usuaris. Qu\u00e8 s\u00f3n les Cookies? Les cookies s\u00f3n petits fitxers de text que es descarreguen al teu ordinador o dispositiu m\u00f2bil quan visites un lloc web. Permeten [&#8230;]\n","protected":false},"author":1,"featured_media":0,"parent":0,"menu_order":0,"comment_status":"closed","ping_status":"closed","template":"","meta":{"footnotes":""},"class_list":["post-4521","page","type-page","status-publish","hentry"],"yoast_head":"<!-- This site is optimized with the Yoast SEO plugin v23.3 - https:\/\/yoast.com\/wordpress\/plugins\/seo\/ -->\n<title>Pol\u00edtica de Cookies - Consigel<\/title>\n<meta name=\"robots\" content=\"index, follow, max-snippet:-1, max-image-preview:large, max-video-preview:-1\" \/>\n<link rel=\"canonical\" href=\"https:\/\/www.consigel.com\/ca\/politica-de-cookies\/\" \/>\n<meta property=\"og:locale\" content=\"ca_ES\" \/>\n<meta property=\"og:type\" content=\"article\" \/>\n<meta property=\"og:title\" content=\"Pol\u00edtica de Cookies - Consigel\" \/>\n<meta property=\"og:description\" content=\"Informaci\u00f3 sobre les Cookies Aquest lloc web utilitza cookies per oferir-te una millor experi\u00e8ncia de navegaci\u00f3, aix\u00ed com per obtenir estad\u00edstiques i analitzar els h\u00e0bits de navegaci\u00f3 dels usuaris. Qu\u00e8 s\u00f3n les Cookies? Les cookies s\u00f3n petits fitxers de text que es descarreguen al teu ordinador o dispositiu m\u00f2bil quan visites un lloc web. Permeten [...]\" \/>\n<meta property=\"og:url\" content=\"https:\/\/www.consigel.com\/ca\/politica-de-cookies\/\" \/>\n<meta property=\"og:site_name\" content=\"Consigel\" \/>\n<meta property=\"article:modified_time\" content=\"2024-08-23T08:10:58+00:00\" \/>\n<meta name=\"twitter:card\" content=\"summary_large_image\" \/>\n<meta name=\"twitter:label1\" content=\"Temps estimat de lectura\" \/>\n\t<meta name=\"twitter:data1\" content=\"2 minuts\" \/>\n<script type=\"application\/ld+json\" class=\"yoast-schema-graph\">{\"@context\":\"https:\/\/schema.org\",\"@graph\":[{\"@type\":\"WebPage\",\"@id\":\"https:\/\/www.consigel.com\/ca\/politica-de-cookies\/\",\"url\":\"https:\/\/www.consigel.com\/ca\/politica-de-cookies\/\",\"name\":\"Pol\u00edtica de Cookies - Consigel\",\"isPartOf\":{\"@id\":\"https:\/\/www.consigel.com\/ca\/#website\"},\"datePublished\":\"2024-08-23T08:06:24+00:00\",\"dateModified\":\"2024-08-23T08:10:58+00:00\",\"breadcrumb\":{\"@id\":\"https:\/\/www.consigel.com\/ca\/politica-de-cookies\/#breadcrumb\"},\"inLanguage\":\"ca\",\"potentialAction\":[{\"@type\":\"ReadAction\",\"target\":[\"https:\/\/www.consigel.com\/ca\/politica-de-cookies\/\"]}]},{\"@type\":\"BreadcrumbList\",\"@id\":\"https:\/\/www.consigel.com\/ca\/politica-de-cookies\/#breadcrumb\",\"itemListElement\":[{\"@type\":\"ListItem\",\"position\":1,\"name\":\"Portada\",\"item\":\"https:\/\/www.consigel.com\/ca\/\"},{\"@type\":\"ListItem\",\"position\":2,\"name\":\"Pol\u00edtica de Cookies\"}]},{\"@type\":\"WebSite\",\"@id\":\"https:\/\/www.consigel.com\/ca\/#website\",\"url\":\"https:\/\/www.consigel.com\/ca\/\",\"name\":\"Consigel\",\"description\":\"\",\"potentialAction\":[{\"@type\":\"SearchAction\",\"target\":{\"@type\":\"EntryPoint\",\"urlTemplate\":\"https:\/\/www.consigel.com\/ca\/?s={search_term_string}\"},\"query-input\":\"required name=search_term_string\"}],\"inLanguage\":\"ca\"}]}<\/script>\n<!-- \/ Yoast SEO plugin. -->","yoast_head_json":{"title":"Pol\u00edtica de Cookies - Consigel","robots":{"index":"index","follow":"follow","max-snippet":"max-snippet:-1","max-image-preview":"max-image-preview:large","max-video-preview":"max-video-preview:-1"},"canonical":"https:\/\/www.consigel.com\/ca\/politica-de-cookies\/","og_locale":"ca_ES","og_type":"article","og_title":"Pol\u00edtica de Cookies - Consigel","og_description":"Informaci\u00f3 sobre les Cookies Aquest lloc web utilitza cookies per oferir-te una millor experi\u00e8ncia de navegaci\u00f3, aix\u00ed com per obtenir estad\u00edstiques i analitzar els h\u00e0bits de navegaci\u00f3 dels usuaris. Qu\u00e8 s\u00f3n les Cookies? Les cookies s\u00f3n petits fitxers de text que es descarreguen al teu ordinador o dispositiu m\u00f2bil quan visites un lloc web. Permeten [...]","og_url":"https:\/\/www.consigel.com\/ca\/politica-de-cookies\/","og_site_name":"Consigel","article_modified_time":"2024-08-23T08:10:58+00:00","twitter_card":"summary_large_image","twitter_misc":{"Temps estimat de lectura":"2 minuts"},"schema":{"@context":"https:\/\/schema.org","@graph":[{"@type":"WebPage","@id":"https:\/\/www.consigel.com\/ca\/politica-de-cookies\/","url":"https:\/\/www.consigel.com\/ca\/politica-de-cookies\/","name":"Pol\u00edtica de Cookies - Consigel","isPartOf":{"@id":"https:\/\/www.consigel.com\/ca\/#website"},"datePublished":"2024-08-23T08:06:24+00:00","dateModified":"2024-08-23T08:10:58+00:00","breadcrumb":{"@id":"https:\/\/www.consigel.com\/ca\/politica-de-cookies\/#breadcrumb"},"inLanguage":"ca","potentialAction":[{"@type":"ReadAction","target":["https:\/\/www.consigel.com\/ca\/politica-de-cookies\/"]}]},{"@type":"BreadcrumbList","@id":"https:\/\/www.consigel.com\/ca\/politica-de-cookies\/#breadcrumb","itemListElement":[{"@type":"ListItem","position":1,"name":"Portada","item":"https:\/\/www.consigel.com\/ca\/"},{"@type":"ListItem","position":2,"name":"Pol\u00edtica de Cookies"}]},{"@type":"WebSite","@id":"https:\/\/www.consigel.com\/ca\/#website","url":"https:\/\/www.consigel.com\/ca\/","name":"Consigel","description":"","potentialAction":[{"@type":"SearchAction","target":{"@type":"EntryPoint","urlTemplate":"https:\/\/www.consigel.com\/ca\/?s={search_term_string}"},"query-input":"required name=search_term_string"}],"inLanguage":"ca"}]}},"_links":{"self":[{"href":"https:\/\/www.consigel.com\/ca\/wp-json\/wp\/v2\/pages\/4521","targetHints":{"allow":["GET"]}}],"collection":[{"href":"https:\/\/www.consigel.com\/ca\/wp-json\/wp\/v2\/pages"}],"about":[{"href":"https:\/\/www.consigel.com\/ca\/wp-json\/wp\/v2\/types\/page"}],"author":[{"embeddable":true,"href":"https:\/\/www.consigel.com\/ca\/wp-json\/wp\/v2\/users\/1"}],"replies":[{"embeddable":true,"href":"https:\/\/www.consigel.com\/ca\/wp-json\/wp\/v2\/comments?post=4521"}],"version-history":[{"count":2,"href":"https:\/\/www.consigel.com\/ca\/wp-json\/wp\/v2\/pages\/4521\/revisions"}],"predecessor-version":[{"id":4523,"href":"https:\/\/www.consigel.com\/ca\/wp-json\/wp\/v2\/pages\/4521\/revisions\/4523"}],"wp:attachment":[{"href":"https:\/\/www.consigel.com\/ca\/wp-json\/wp\/v2\/media?parent=4521"}],"curies":[{"name":"wp","href":"https:\/\/api.w.org\/{rel}","templated":true}]}}